{"id":100,"date":"2025-09-24T15:27:10","date_gmt":"2025-09-24T15:27:10","guid":{"rendered":"http:\/\/chiaravalentin.ovh\/?page_id=100"},"modified":"2025-12-02T17:09:51","modified_gmt":"2025-12-02T17:09:51","slug":"livres-rires-et-rendez-vous","status":"publish","type":"page","link":"https:\/\/chiaravalentin.ovh\/index.php\/livres-rires-et-rendez-vous\/","title":{"rendered":"Livres, rires et rendez-vous"},"content":{"rendered":"\n<p>Salons, d\u00e9dicaces, conf\u00e9rences, \u00e9v\u00e9nements sp\u00e9ciaux\u2026 <br><strong>J\u2019ai h\u00e2te de vous retrouver pour partager des histoires, \u00e9changer avec vous, rire, r\u00eaver et passer ensemble des moments inoubliables autour des livres !<\/strong> \ud83d\udc95<br>Chaque rencontre est un petit voyage que nous faisons ensemble, et rien ne me fait plus plaisir que de vous y retrouver.<\/p>\n\n\n\n<h3 class=\"wp-block-heading has-kubio-color-2-color has-text-color has-link-color wp-elements-6b2bccea6fef5a59bbbdf6ad930778e3\" style=\"font-size:clamp(18.959px, 1.185rem + ((1vw - 3.2px) * 1.15), 30px);\"><em>D\u00e9cembre<\/em><\/h3>\n\n\n\n<div class=\"wp-block-media-text has-media-on-the-right is-stacked-on-mobile\" style=\"grid-template-columns:auto 25%\"><div class=\"wp-block-media-text__content\">\n<p class=\"has-text-align-right\" style=\"font-size:clamp(16.293px, 1.018rem + ((1vw - 3.2px) * 0.907), 25px);\">13 D\u00e9cembre- <strong><em>March\u00e9 de No\u00ebl <\/em><\/strong><br><strong><em>Nefiach<\/em> (66)<\/strong><\/p>\n<\/div><figure class=\"wp-block-media-text__media\"><img loading=\"lazy\" decoding=\"async\" width=\"800\" height=\"960\" src=\"http:\/\/chiaravalentin.ovh\/wp-content\/uploads\/2025\/11\/IMG_33191.jpg\" alt=\"\" class=\"wp-image-305 size-full\" srcset=\"https:\/\/chiaravalentin.ovh\/wp-content\/uploads\/2025\/11\/IMG_33191.jpg 800w, https:\/\/chiaravalentin.ovh\/wp-content\/uploads\/2025\/11\/IMG_33191-250x300.jpg 250w, https:\/\/chiaravalentin.ovh\/wp-content\/uploads\/2025\/11\/IMG_33191-768x922.jpg 768w, https:\/\/chiaravalentin.ovh\/wp-content\/uploads\/2025\/11\/IMG_33191-600x720.jpg 600w\" sizes=\"(max-width: 800px) 100vw, 800px\" \/><\/figure><\/div>\n\n\n\n<div class=\"wp-block-media-text has-media-on-the-right is-stacked-on-mobile\" style=\"grid-template-columns:auto 25%\"><div class=\"wp-block-media-text__content\">\n<p class=\"has-text-align-right\" style=\"font-size:clamp(16.293px, 1.018rem + ((1vw - 3.2px) * 0.907), 25px);\">19 D\u00e9cembre \u00e0 16h00- <strong><em>Caf\u00e9 D\u00e9bat <\/em><\/strong><br><strong><em>La Pause Polar<\/em> &#8211; Perpignan(66)<\/strong><\/p>\n<\/div><figure class=\"wp-block-media-text__media\"><img loading=\"lazy\" decoding=\"async\" width=\"821\" height=\"1024\" src=\"https:\/\/chiaravalentin.ovh\/wp-content\/uploads\/2025\/12\/IMG_2852-821x1024.jpg\" alt=\"\" class=\"wp-image-371 size-full\" srcset=\"https:\/\/chiaravalentin.ovh\/wp-content\/uploads\/2025\/12\/IMG_2852-821x1024.jpg 821w, https:\/\/chiaravalentin.ovh\/wp-content\/uploads\/2025\/12\/IMG_2852-241x300.jpg 241w, https:\/\/chiaravalentin.ovh\/wp-content\/uploads\/2025\/12\/IMG_2852-768x957.jpg 768w, https:\/\/chiaravalentin.ovh\/wp-content\/uploads\/2025\/12\/IMG_2852-1232x1536.jpg 1232w, https:\/\/chiaravalentin.ovh\/wp-content\/uploads\/2025\/12\/IMG_2852-866x1080.jpg 866w, https:\/\/chiaravalentin.ovh\/wp-content\/uploads\/2025\/12\/IMG_2852-600x748.jpg 600w, https:\/\/chiaravalentin.ovh\/wp-content\/uploads\/2025\/12\/IMG_2852.jpg 1468w\" sizes=\"(max-width: 821px) 100vw, 821px\" \/><\/figure><\/div>\n\n\n\n<p><\/p>\n","protected":false},"excerpt":{"rendered":"<p>Salons, d\u00e9dicaces, conf\u00e9rences, \u00e9v\u00e9nements sp\u00e9ciaux\u2026 J\u2019ai h\u00e2te de vous retrouver pour partager des histoires, \u00e9changer avec vous, rire, r\u00eaver et passer ensemble des moments inoubliables autour des livres ! \ud83d\udc95Chaque rencontre est un petit voyage que nous faisons ensemble, et rien ne me fait plus plaisir que de vous y retrouver. D\u00e9cembre 13 D\u00e9cembre- March\u00e9 [&hellip;]<\/p>\n","protected":false},"author":1,"featured_media":0,"parent":0,"menu_order":0,"comment_status":"closed","ping_status":"closed","template":"","meta":{"saved_in_kubio":true,"footnotes":""},"class_list":["post-100","page","type-page","status-publish","hentry"],"kubio_ai_page_context":{"short_desc":"","purpose":"general"},"jetpack_sharing_enabled":true,"_links":{"self":[{"href":"https:\/\/chiaravalentin.ovh\/index.php\/wp-json\/wp\/v2\/pages\/100","targetHints":{"allow":["GET"]}}],"collection":[{"href":"https:\/\/chiaravalentin.ovh\/index.php\/wp-json\/wp\/v2\/pages"}],"about":[{"href":"https:\/\/chiaravalentin.ovh\/index.php\/wp-json\/wp\/v2\/types\/page"}],"author":[{"embeddable":true,"href":"https:\/\/chiaravalentin.ovh\/index.php\/wp-json\/wp\/v2\/users\/1"}],"replies":[{"embeddable":true,"href":"https:\/\/chiaravalentin.ovh\/index.php\/wp-json\/wp\/v2\/comments?post=100"}],"version-history":[{"count":2,"href":"https:\/\/chiaravalentin.ovh\/index.php\/wp-json\/wp\/v2\/pages\/100\/revisions"}],"predecessor-version":[{"id":372,"href":"https:\/\/chiaravalentin.ovh\/index.php\/wp-json\/wp\/v2\/pages\/100\/revisions\/372"}],"wp:attachment":[{"href":"https:\/\/chiaravalentin.ovh\/index.php\/wp-json\/wp\/v2\/media?parent=100"}],"curies":[{"name":"wp","href":"https:\/\/api.w.org\/{rel}","templated":true}]}}