{"id":85,"date":"2025-09-24T14:46:24","date_gmt":"2025-09-24T14:46:24","guid":{"rendered":"http:\/\/chiaravalentin.ovh\/?page_id=85"},"modified":"2025-09-24T14:46:24","modified_gmt":"2025-09-24T14:46:24","slug":"mes-histoires-hier-aujourdhui-demain","status":"publish","type":"page","link":"https:\/\/chiaravalentin.ovh\/index.php\/mes-histoires-hier-aujourdhui-demain\/","title":{"rendered":"Mes histoires : hier, aujourd\u2019hui, demain"},"content":{"rendered":"\n<p>Entre le <strong>retour \u201cvintage\u201d<\/strong> de mes anciens romans (r\u00e9\u00e9crits et relook\u00e9s), la <strong>fin de certaines sagas<\/strong>, et l\u2019arriv\u00e9e de <strong>nouvelles histoires<\/strong>, mon univers continue de grandir et de se r\u00e9inventer\u2026 toujours avec la m\u00eame passion pour l\u2019amour, l\u2019\u00e9motion et l\u2019aventure. \ud83d\udc95<\/p>\n\n\n\n<figure class=\"wp-block-gallery has-nested-images columns-default is-cropped wp-block-gallery-1 is-layout-flex wp-block-gallery-is-layout-flex\">\n<figure class=\"wp-block-image size-large\"><img decoding=\"async\" data-id=\"86\" src=\"http:\/\/chiaravalentin.ovh\/wp-content\/uploads\/2025\/09\/cover-netflix.zip-31-683x1024.png\" alt=\"\" class=\"wp-image-86\"\/><\/figure>\n\n\n\n<figure class=\"wp-block-image size-large\"><img loading=\"lazy\" decoding=\"async\" width=\"683\" height=\"1024\" data-id=\"88\" src=\"http:\/\/chiaravalentin.ovh\/wp-content\/uploads\/2025\/09\/cover-netflix.zip-4-683x1024.png\" alt=\"\" class=\"wp-image-88\" srcset=\"https:\/\/chiaravalentin.ovh\/wp-content\/uploads\/2025\/09\/cover-netflix.zip-4-683x1024.png 683w, https:\/\/chiaravalentin.ovh\/wp-content\/uploads\/2025\/09\/cover-netflix.zip-4-600x900.png 600w, https:\/\/chiaravalentin.ovh\/wp-content\/uploads\/2025\/09\/cover-netflix.zip-4-200x300.png 200w, https:\/\/chiaravalentin.ovh\/wp-content\/uploads\/2025\/09\/cover-netflix.zip-4-768x1152.png 768w, https:\/\/chiaravalentin.ovh\/wp-content\/uploads\/2025\/09\/cover-netflix.zip-4-1024x1536.png 1024w, https:\/\/chiaravalentin.ovh\/wp-content\/uploads\/2025\/09\/cover-netflix.zip-4.png 1500w\" sizes=\"(max-width: 683px) 100vw, 683px\" \/><\/figure>\n\n\n\n<figure class=\"wp-block-image size-large\"><img loading=\"lazy\" decoding=\"async\" width=\"683\" height=\"1024\" data-id=\"90\" src=\"http:\/\/chiaravalentin.ovh\/wp-content\/uploads\/2025\/09\/cover-netflix.zip-5-683x1024.png\" alt=\"\" class=\"wp-image-90\" srcset=\"https:\/\/chiaravalentin.ovh\/wp-content\/uploads\/2025\/09\/cover-netflix.zip-5-683x1024.png 683w, https:\/\/chiaravalentin.ovh\/wp-content\/uploads\/2025\/09\/cover-netflix.zip-5-600x900.png 600w, https:\/\/chiaravalentin.ovh\/wp-content\/uploads\/2025\/09\/cover-netflix.zip-5-200x300.png 200w, https:\/\/chiaravalentin.ovh\/wp-content\/uploads\/2025\/09\/cover-netflix.zip-5-768x1152.png 768w, https:\/\/chiaravalentin.ovh\/wp-content\/uploads\/2025\/09\/cover-netflix.zip-5-1024x1536.png 1024w, https:\/\/chiaravalentin.ovh\/wp-content\/uploads\/2025\/09\/cover-netflix.zip-5-1365x2048.png 1365w, https:\/\/chiaravalentin.ovh\/wp-content\/uploads\/2025\/09\/cover-netflix.zip-5-720x1080.png 720w, https:\/\/chiaravalentin.ovh\/wp-content\/uploads\/2025\/09\/cover-netflix.zip-5.png 1500w\" sizes=\"(max-width: 683px) 100vw, 683px\" \/><\/figure>\n\n\n\n<figure class=\"wp-block-image size-large\"><img loading=\"lazy\" decoding=\"async\" width=\"683\" height=\"1024\" data-id=\"87\" src=\"http:\/\/chiaravalentin.ovh\/wp-content\/uploads\/2025\/09\/Copie-de-cover-netflix.zip-1-683x1024.png\" alt=\"\" class=\"wp-image-87\" srcset=\"https:\/\/chiaravalentin.ovh\/wp-content\/uploads\/2025\/09\/Copie-de-cover-netflix.zip-1-683x1024.png 683w, https:\/\/chiaravalentin.ovh\/wp-content\/uploads\/2025\/09\/Copie-de-cover-netflix.zip-1-600x900.png 600w, https:\/\/chiaravalentin.ovh\/wp-content\/uploads\/2025\/09\/Copie-de-cover-netflix.zip-1-200x300.png 200w, https:\/\/chiaravalentin.ovh\/wp-content\/uploads\/2025\/09\/Copie-de-cover-netflix.zip-1-768x1152.png 768w, https:\/\/chiaravalentin.ovh\/wp-content\/uploads\/2025\/09\/Copie-de-cover-netflix.zip-1-1024x1536.png 1024w, https:\/\/chiaravalentin.ovh\/wp-content\/uploads\/2025\/09\/Copie-de-cover-netflix.zip-1-1365x2048.png 1365w, https:\/\/chiaravalentin.ovh\/wp-content\/uploads\/2025\/09\/Copie-de-cover-netflix.zip-1-720x1080.png 720w, https:\/\/chiaravalentin.ovh\/wp-content\/uploads\/2025\/09\/Copie-de-cover-netflix.zip-1.png 1500w\" sizes=\"(max-width: 683px) 100vw, 683px\" \/><\/figure>\n\n\n\n<figure class=\"wp-block-image size-large\"><img loading=\"lazy\" decoding=\"async\" width=\"683\" height=\"1024\" data-id=\"89\" src=\"http:\/\/chiaravalentin.ovh\/wp-content\/uploads\/2025\/09\/cover-netflix.zip-6-683x1024.png\" alt=\"\" class=\"wp-image-89\" srcset=\"https:\/\/chiaravalentin.ovh\/wp-content\/uploads\/2025\/09\/cover-netflix.zip-6-683x1024.png 683w, https:\/\/chiaravalentin.ovh\/wp-content\/uploads\/2025\/09\/cover-netflix.zip-6-600x900.png 600w, https:\/\/chiaravalentin.ovh\/wp-content\/uploads\/2025\/09\/cover-netflix.zip-6-200x300.png 200w, https:\/\/chiaravalentin.ovh\/wp-content\/uploads\/2025\/09\/cover-netflix.zip-6-768x1152.png 768w, https:\/\/chiaravalentin.ovh\/wp-content\/uploads\/2025\/09\/cover-netflix.zip-6-1024x1536.png 1024w, https:\/\/chiaravalentin.ovh\/wp-content\/uploads\/2025\/09\/cover-netflix.zip-6-1365x2048.png 1365w, https:\/\/chiaravalentin.ovh\/wp-content\/uploads\/2025\/09\/cover-netflix.zip-6-720x1080.png 720w, https:\/\/chiaravalentin.ovh\/wp-content\/uploads\/2025\/09\/cover-netflix.zip-6.png 1500w\" sizes=\"(max-width: 683px) 100vw, 683px\" \/><\/figure>\n\n\n\n<figure class=\"wp-block-image size-large\"><img loading=\"lazy\" decoding=\"async\" width=\"683\" height=\"1024\" data-id=\"92\" src=\"http:\/\/chiaravalentin.ovh\/wp-content\/uploads\/2025\/09\/10-683x1024.png\" alt=\"\" class=\"wp-image-92\" srcset=\"https:\/\/chiaravalentin.ovh\/wp-content\/uploads\/2025\/09\/10-683x1024.png 683w, https:\/\/chiaravalentin.ovh\/wp-content\/uploads\/2025\/09\/10-600x900.png 600w, https:\/\/chiaravalentin.ovh\/wp-content\/uploads\/2025\/09\/10-200x300.png 200w, https:\/\/chiaravalentin.ovh\/wp-content\/uploads\/2025\/09\/10-768x1152.png 768w, https:\/\/chiaravalentin.ovh\/wp-content\/uploads\/2025\/09\/10-1024x1536.png 1024w, https:\/\/chiaravalentin.ovh\/wp-content\/uploads\/2025\/09\/10-1365x2048.png 1365w, https:\/\/chiaravalentin.ovh\/wp-content\/uploads\/2025\/09\/10-720x1080.png 720w, https:\/\/chiaravalentin.ovh\/wp-content\/uploads\/2025\/09\/10.png 1500w\" sizes=\"(max-width: 683px) 100vw, 683px\" \/><\/figure>\n\n\n\n<figure class=\"wp-block-image size-large\"><img decoding=\"async\" data-id=\"93\" src=\"http:\/\/chiaravalentin.ovh\/wp-content\/uploads\/2025\/09\/9-1-683x1024.png\" alt=\"\" class=\"wp-image-93\"\/><\/figure>\n\n\n\n\n<\/figure>\n\n\n\n<p><\/p>\n","protected":false},"excerpt":{"rendered":"<p>Entre le retour \u201cvintage\u201d de mes anciens romans (r\u00e9\u00e9crits et relook\u00e9s), la fin de certaines sagas, et l\u2019arriv\u00e9e de nouvelles histoires, mon univers continue de grandir et de se r\u00e9inventer\u2026 toujours avec la m\u00eame passion pour l\u2019amour, l\u2019\u00e9motion et l\u2019aventure. \ud83d\udc95<\/p>\n","protected":false},"author":1,"featured_media":0,"parent":0,"menu_order":0,"comment_status":"closed","ping_status":"closed","template":"","meta":{"saved_in_kubio":false,"footnotes":""},"class_list":["post-85","page","type-page","status-publish","hentry"],"kubio_ai_page_context":{"short_desc":"","purpose":"general"},"jetpack_sharing_enabled":true,"_links":{"self":[{"href":"https:\/\/chiaravalentin.ovh\/index.php\/wp-json\/wp\/v2\/pages\/85","targetHints":{"allow":["GET"]}}],"collection":[{"href":"https:\/\/chiaravalentin.ovh\/index.php\/wp-json\/wp\/v2\/pages"}],"about":[{"href":"https:\/\/chiaravalentin.ovh\/index.php\/wp-json\/wp\/v2\/types\/page"}],"author":[{"embeddable":true,"href":"https:\/\/chiaravalentin.ovh\/index.php\/wp-json\/wp\/v2\/users\/1"}],"replies":[{"embeddable":true,"href":"https:\/\/chiaravalentin.ovh\/index.php\/wp-json\/wp\/v2\/comments?post=85"}],"version-history":[{"count":1,"href":"https:\/\/chiaravalentin.ovh\/index.php\/wp-json\/wp\/v2\/pages\/85\/revisions"}],"predecessor-version":[{"id":94,"href":"https:\/\/chiaravalentin.ovh\/index.php\/wp-json\/wp\/v2\/pages\/85\/revisions\/94"}],"wp:attachment":[{"href":"https:\/\/chiaravalentin.ovh\/index.php\/wp-json\/wp\/v2\/media?parent=85"}],"curies":[{"name":"wp","href":"https:\/\/api.w.org\/{rel}","templated":true}]}}