{"id":218,"date":"2025-09-24T16:32:03","date_gmt":"2025-09-24T16:32:03","guid":{"rendered":"http:\/\/chiaravalentin.ovh\/?post_type=product&#038;p=218"},"modified":"2025-09-25T13:38:10","modified_gmt":"2025-09-25T13:38:10","slug":"fatal-dolls","status":"publish","type":"product","link":"https:\/\/chiaravalentin.ovh\/index.php\/produit\/fatal-dolls\/","title":{"rendered":"Fatal Dolls"},"content":{"rendered":"<p data-oe-version=\"1.2\">Ce n&rsquo;est un secret pour personne, mon amour pour les f\u00eates foraines est profond\u00e9ment ancr\u00e9 en moi.<\/p>\n<p>Lorsque mon meilleur ami Elior me fait part de son d\u00e9sir de participer \u00e0 la r\u00e9ouverture d&rsquo;un parc \u00e0 th\u00e8mes, je ne peux pas r\u00e9sister \u00e0 l&rsquo;appel de l&rsquo;aventure.<\/p>\n<p>Mais cette id\u00e9e est la pire des id\u00e9es. Apr\u00e8s une journ\u00e9e folle, malgr\u00e9 les nombreuses mises en garde de mes Guides et l\u2019angoisse tenace qui noue mon estomac, je m\u2019engage dans les barques de cette derni\u00e8re attraction \u00e0 la musique ent\u00eatante.<\/p>\n<p>Dans le cas o\u00f9 vous ne recevez plus de nouvelles de ma part \u00e0 la fin de cette aventure,<\/p>\n<p><em>Dites \u00e0 mes parents que je les aime.<\/em><\/p>\n","protected":false},"excerpt":{"rendered":"<p>Attir\u00e9e par la magie sombre d\u2019un parc forain tout juste r\u00e9ouvert, une jeune sorci\u00e8re c\u00e8de \u00e0 l\u2019appel de l\u2019aventure aux c\u00f4t\u00e9s de son meilleur ami. Mais derri\u00e8re les lumi\u00e8res et la musique ent\u00eatante, se cachent des forces occultes pr\u00eates \u00e0 la happer dans leur pi\u00e8ge.<\/p>\n","protected":false},"featured_media":219,"comment_status":"open","ping_status":"closed","template":"","meta":{"saved_in_kubio":false},"product_brand":[],"product_cat":[35],"product_tag":[37,38,39,36],"class_list":{"0":"post-218","1":"product","2":"type-product","3":"status-publish","4":"has-post-thumbnail","6":"product_cat-urban-fantaisy","7":"product_tag-magie","8":"product_tag-sorciere","9":"product_tag-thriller-psychologique","10":"product_tag-urban-fantaisy","12":"first","13":"instock","14":"taxable","15":"shipping-taxable","16":"purchasable","17":"product-type-simple"},"jetpack_sharing_enabled":true,"_links":{"self":[{"href":"https:\/\/chiaravalentin.ovh\/index.php\/wp-json\/wp\/v2\/product\/218","targetHints":{"allow":["GET"]}}],"collection":[{"href":"https:\/\/chiaravalentin.ovh\/index.php\/wp-json\/wp\/v2\/product"}],"about":[{"href":"https:\/\/chiaravalentin.ovh\/index.php\/wp-json\/wp\/v2\/types\/product"}],"replies":[{"embeddable":true,"href":"https:\/\/chiaravalentin.ovh\/index.php\/wp-json\/wp\/v2\/comments?post=218"}],"wp:featuredmedia":[{"embeddable":true,"href":"https:\/\/chiaravalentin.ovh\/index.php\/wp-json\/wp\/v2\/media\/219"}],"wp:attachment":[{"href":"https:\/\/chiaravalentin.ovh\/index.php\/wp-json\/wp\/v2\/media?parent=218"}],"wp:term":[{"taxonomy":"product_brand","embeddable":true,"href":"https:\/\/chiaravalentin.ovh\/index.php\/wp-json\/wp\/v2\/product_brand?post=218"},{"taxonomy":"product_cat","embeddable":true,"href":"https:\/\/chiaravalentin.ovh\/index.php\/wp-json\/wp\/v2\/product_cat?post=218"},{"taxonomy":"product_tag","embeddable":true,"href":"https:\/\/chiaravalentin.ovh\/index.php\/wp-json\/wp\/v2\/product_tag?post=218"}],"curies":[{"name":"wp","href":"https:\/\/api.w.org\/{rel}","templated":true}]}}