{"id":272,"date":"2025-09-25T13:48:21","date_gmt":"2025-09-25T13:48:21","guid":{"rendered":"https:\/\/chiaravalentin.ovh\/?post_type=product&#038;p=272"},"modified":"2025-09-25T13:48:22","modified_gmt":"2025-09-25T13:48:22","slug":"a-lombre-du-soleil","status":"publish","type":"product","link":"https:\/\/chiaravalentin.ovh\/index.php\/produit\/a-lombre-du-soleil\/","title":{"rendered":"A l&rsquo;ombre du Soleil"},"content":{"rendered":"<p>A Marseille, quatre familles se partagent la ville.<\/p>\n<p>Malgr\u00e9 les tensions entre les chefs de clan de nouvelles alliances se forment.<\/p>\n<p>Cependant, elles ne seront pas au go\u00fbt de tous.<\/p>\n<p>Amour, sexe, prostitution, vengeances, kidnapping, trahisons, r\u00e8glements de compte, morts, loyaut\u00e9.<\/p>\n<p><em><strong>Bienvenue \u00e0 Marseille<\/strong><\/em><\/p>\n<p>&nbsp;<\/p>\n<p>Astuce de lectrice : d\u00e9couvrir <em data-start=\"314\" data-end=\"331\">L\u2019Accent du Sud<\/em> avant celui-ci rend l\u2019exp\u00e9rience encore plus savoureuse.<\/p>\n","protected":false},"excerpt":{"rendered":"<p>A Marseille, quatre familles se partagent la ville. Malgr\u00e9 les tensions entre les chefs de clan de nouvelles alliances se forment. Cependant, elles ne seront pas au go\u00fbt de tous. Amour, sexe, prostitution, vengeances, kidnapping, trahisons, r\u00e8glements de compte, morts, loyaut\u00e9. Bienvenue \u00e0 Marseille &nbsp; Astuce de lectrice : d\u00e9couvrir L\u2019Accent du Sud avant celui-ci [&hellip;]<\/p>\n","protected":false},"featured_media":273,"comment_status":"open","ping_status":"closed","template":"","meta":{"saved_in_kubio":false},"product_brand":[],"product_cat":[40],"product_tag":[45,43,44,46],"class_list":{"0":"post-272","1":"product","2":"type-product","3":"status-publish","4":"has-post-thumbnail","6":"product_cat-romance","7":"product_tag-erotique","8":"product_tag-mafia","9":"product_tag-sexy","10":"product_tag-tortures","12":"first","13":"instock","14":"taxable","15":"shipping-taxable","16":"purchasable","17":"product-type-simple"},"jetpack_sharing_enabled":true,"_links":{"self":[{"href":"https:\/\/chiaravalentin.ovh\/index.php\/wp-json\/wp\/v2\/product\/272","targetHints":{"allow":["GET"]}}],"collection":[{"href":"https:\/\/chiaravalentin.ovh\/index.php\/wp-json\/wp\/v2\/product"}],"about":[{"href":"https:\/\/chiaravalentin.ovh\/index.php\/wp-json\/wp\/v2\/types\/product"}],"replies":[{"embeddable":true,"href":"https:\/\/chiaravalentin.ovh\/index.php\/wp-json\/wp\/v2\/comments?post=272"}],"wp:featuredmedia":[{"embeddable":true,"href":"https:\/\/chiaravalentin.ovh\/index.php\/wp-json\/wp\/v2\/media\/273"}],"wp:attachment":[{"href":"https:\/\/chiaravalentin.ovh\/index.php\/wp-json\/wp\/v2\/media?parent=272"}],"wp:term":[{"taxonomy":"product_brand","embeddable":true,"href":"https:\/\/chiaravalentin.ovh\/index.php\/wp-json\/wp\/v2\/product_brand?post=272"},{"taxonomy":"product_cat","embeddable":true,"href":"https:\/\/chiaravalentin.ovh\/index.php\/wp-json\/wp\/v2\/product_cat?post=272"},{"taxonomy":"product_tag","embeddable":true,"href":"https:\/\/chiaravalentin.ovh\/index.php\/wp-json\/wp\/v2\/product_tag?post=272"}],"curies":[{"name":"wp","href":"https:\/\/api.w.org\/{rel}","templated":true}]}}