{"id":276,"date":"2025-09-25T14:04:21","date_gmt":"2025-09-25T14:04:21","guid":{"rendered":"https:\/\/chiaravalentin.ovh\/?post_type=product&#038;p=276"},"modified":"2025-12-01T19:57:26","modified_gmt":"2025-12-01T19:57:26","slug":"chambre-secrete","status":"publish","type":"product","link":"https:\/\/chiaravalentin.ovh\/index.php\/produit\/chambre-secrete\/","title":{"rendered":"Chambre Secr\u00e8te"},"content":{"rendered":"<p>Lorsque sa tante Fifi lui demande de reprendre l&rsquo;intendance du fastueux manoir des De Beauvilliers, Sybil ne pensait pas que sa vie prendrait une direction aussi \u00e9trange.<\/p>\n<p>Les retrouvailles avec son cousin Elliott sont bien diff\u00e9rentes de ce qu&rsquo;elle avait imagin\u00e9.<\/p>\n<p>Sa rencontre avec le myst\u00e9rieux Nathaniel bouleversera ses sens et sa raison,<\/p>\n<p>Mais le plus perturbant dans cette nouvelle vie sont ces oursons en peluche qu&rsquo;elle croise partout dans le domaine ; \u00e0 qui appartiennent-ils ?<\/p>\n<p>Et ce petit gar\u00e7on qui vient discuter avec elle dans sa chambre, la nuit, qui-est-il ?<\/p>\n","protected":false},"excerpt":{"rendered":"<p>Lorsque sa tante Fifi lui demande de reprendre l&rsquo;intendance du fastueux manoir des De Beauvilliers, Sybil ne pensait pas que sa vie prendrait une direction aussi \u00e9trange. Les retrouvailles avec son cousin Elliott sont bien diff\u00e9rentes de ce qu&rsquo;elle avait imagin\u00e9. Sa rencontre avec le myst\u00e9rieux Nathaniel bouleversera ses sens et sa raison, Mais le [&hellip;]<\/p>\n","protected":false},"featured_media":277,"comment_status":"open","ping_status":"closed","template":"","meta":{"saved_in_kubio":false},"product_brand":[],"product_cat":[48,35],"product_tag":[72,49,51,73,44,52,50,36],"class_list":{"0":"post-276","1":"product","2":"type-product","3":"status-publish","4":"has-post-thumbnail","6":"product_cat-romance-sombre","7":"product_cat-urban-fantaisy","8":"product_tag-mystique","9":"product_tag-ombres-du-passe","10":"product_tag-romance-sombre","11":"product_tag-secrets-de-famille","12":"product_tag-sexy","13":"product_tag-suspense","14":"product_tag-thriller-sentimental","15":"product_tag-urban-fantaisy","17":"first","18":"instock","19":"taxable","20":"shipping-taxable","21":"purchasable","22":"product-type-simple"},"jetpack_sharing_enabled":true,"_links":{"self":[{"href":"https:\/\/chiaravalentin.ovh\/index.php\/wp-json\/wp\/v2\/product\/276","targetHints":{"allow":["GET"]}}],"collection":[{"href":"https:\/\/chiaravalentin.ovh\/index.php\/wp-json\/wp\/v2\/product"}],"about":[{"href":"https:\/\/chiaravalentin.ovh\/index.php\/wp-json\/wp\/v2\/types\/product"}],"replies":[{"embeddable":true,"href":"https:\/\/chiaravalentin.ovh\/index.php\/wp-json\/wp\/v2\/comments?post=276"}],"wp:featuredmedia":[{"embeddable":true,"href":"https:\/\/chiaravalentin.ovh\/index.php\/wp-json\/wp\/v2\/media\/277"}],"wp:attachment":[{"href":"https:\/\/chiaravalentin.ovh\/index.php\/wp-json\/wp\/v2\/media?parent=276"}],"wp:term":[{"taxonomy":"product_brand","embeddable":true,"href":"https:\/\/chiaravalentin.ovh\/index.php\/wp-json\/wp\/v2\/product_brand?post=276"},{"taxonomy":"product_cat","embeddable":true,"href":"https:\/\/chiaravalentin.ovh\/index.php\/wp-json\/wp\/v2\/product_cat?post=276"},{"taxonomy":"product_tag","embeddable":true,"href":"https:\/\/chiaravalentin.ovh\/index.php\/wp-json\/wp\/v2\/product_tag?post=276"}],"curies":[{"name":"wp","href":"https:\/\/api.w.org\/{rel}","templated":true}]}}