{"id":286,"date":"2025-10-01T14:23:06","date_gmt":"2025-10-01T14:23:06","guid":{"rendered":"https:\/\/chiaravalentin.ovh\/?post_type=product&#038;p=286"},"modified":"2025-12-01T20:29:16","modified_gmt":"2025-12-01T20:29:16","slug":"service-non-compris","status":"publish","type":"product","link":"https:\/\/chiaravalentin.ovh\/index.php\/produit\/service-non-compris\/","title":{"rendered":"Service Non Compris"},"content":{"rendered":"<p>Elle pensait avoir tourn\u00e9 la page.<br \/>\nIl n\u2019a jamais cess\u00e9 de l\u2019\u00e9crire.<\/p>\n<p>Apr\u00e8s avoir fui l\u2019univers \u00e9touffant des projecteurs, L\u00e9a tente de retrouver une vie normale. Mais Ash, rock star impr\u00e9visible et obstin\u00e9e, n\u2019a pas l\u2019intention de la laisser dispara\u00eetre sans se battre.<\/p>\n<p>Service non compris : la suite irr\u00e9sistible de Livraison sp\u00e9ciale, entre passion, humour et \u00e9motions \u00e0 vif.<\/p>\n","protected":false},"excerpt":{"rendered":"<p>Elle pensait avoir tourn\u00e9 la page. Il n\u2019a jamais cess\u00e9 de l\u2019\u00e9crire. Apr\u00e8s avoir fui l\u2019univers \u00e9touffant des projecteurs, L\u00e9a tente de retrouver une vie normale. Mais Ash, rock star impr\u00e9visible et obstin\u00e9e, n\u2019a pas l\u2019intention de la laisser dispara\u00eetre sans se battre. Service non compris : la suite irr\u00e9sistible de Livraison sp\u00e9ciale, entre passion, [&hellip;]<\/p>\n","protected":false},"featured_media":91,"comment_status":"open","ping_status":"closed","template":"","meta":{"saved_in_kubio":false},"product_brand":[],"product_cat":[78,40,70],"product_tag":[54,55,51,44,52],"class_list":{"0":"post-286","1":"product","2":"type-product","3":"status-publish","4":"has-post-thumbnail","6":"product_cat-livraison-speciale","7":"product_cat-romance","8":"product_cat-saga","9":"product_tag-musique","10":"product_tag-rock","11":"product_tag-romance-sombre","12":"product_tag-sexy","13":"product_tag-suspense","15":"first","16":"instock","17":"taxable","18":"shipping-taxable","19":"purchasable","20":"product-type-simple"},"jetpack_sharing_enabled":true,"_links":{"self":[{"href":"https:\/\/chiaravalentin.ovh\/index.php\/wp-json\/wp\/v2\/product\/286","targetHints":{"allow":["GET"]}}],"collection":[{"href":"https:\/\/chiaravalentin.ovh\/index.php\/wp-json\/wp\/v2\/product"}],"about":[{"href":"https:\/\/chiaravalentin.ovh\/index.php\/wp-json\/wp\/v2\/types\/product"}],"replies":[{"embeddable":true,"href":"https:\/\/chiaravalentin.ovh\/index.php\/wp-json\/wp\/v2\/comments?post=286"}],"wp:featuredmedia":[{"embeddable":true,"href":"https:\/\/chiaravalentin.ovh\/index.php\/wp-json\/wp\/v2\/media\/91"}],"wp:attachment":[{"href":"https:\/\/chiaravalentin.ovh\/index.php\/wp-json\/wp\/v2\/media?parent=286"}],"wp:term":[{"taxonomy":"product_brand","embeddable":true,"href":"https:\/\/chiaravalentin.ovh\/index.php\/wp-json\/wp\/v2\/product_brand?post=286"},{"taxonomy":"product_cat","embeddable":true,"href":"https:\/\/chiaravalentin.ovh\/index.php\/wp-json\/wp\/v2\/product_cat?post=286"},{"taxonomy":"product_tag","embeddable":true,"href":"https:\/\/chiaravalentin.ovh\/index.php\/wp-json\/wp\/v2\/product_tag?post=286"}],"curies":[{"name":"wp","href":"https:\/\/api.w.org\/{rel}","templated":true}]}}