{"id":288,"date":"2025-10-01T14:26:54","date_gmt":"2025-10-01T14:26:54","guid":{"rendered":"https:\/\/chiaravalentin.ovh\/?post_type=product&#038;p=288"},"modified":"2025-12-01T20:29:08","modified_gmt":"2025-12-01T20:29:08","slug":"livraison-speciale","status":"publish","type":"product","link":"https:\/\/chiaravalentin.ovh\/index.php\/produit\/livraison-speciale\/","title":{"rendered":"Livraison Sp\u00e9ciale"},"content":{"rendered":"<p>Il ne conna\u00eet que son pr\u00e9nom. Mais il la veut. Ardemment.<br \/>\nElle est entr\u00e9e dans sa vie tremp\u00e9e, glac\u00e9e, furieuse\u2026 et parfaite.<br \/>\nLui, c\u2019est une rockstar en chute libre.<br \/>\nElle, une livreuse qui n\u2019a rien demand\u00e9.<br \/>\nMais depuis qu\u2019il l\u2019a vue, il n\u2019a plus faim que d\u2019elle.<br \/>\nCommandes sur commandes. Pr\u00e9textes. Regards. Jeux dangereux.<br \/>\nElle fuit. Il insiste.<br \/>\nEt quand le d\u00e9sir d\u00e9rape en obsession, la ligne entre fantasme et r\u00e9alit\u00e9 devient\u2026 floue. Et br\u00fblante.<br \/>\nUn face-\u00e0-face \u00e9lectrique. Deux corps aimant\u00e9s.<br \/>\nEt aucune sortie de secours.<\/p>\n","protected":false},"excerpt":{"rendered":"<p>Il ne conna\u00eet que son pr\u00e9nom. Mais il la veut. Ardemment. Elle est entr\u00e9e dans sa vie tremp\u00e9e, glac\u00e9e, furieuse\u2026 et parfaite. Lui, c\u2019est une rockstar en chute libre. Elle, une livreuse qui n\u2019a rien demand\u00e9. Mais depuis qu\u2019il l\u2019a vue, il n\u2019a plus faim que d\u2019elle. Commandes sur commandes. Pr\u00e9textes. Regards. Jeux dangereux. Elle [&hellip;]<\/p>\n","protected":false},"featured_media":289,"comment_status":"open","ping_status":"closed","template":"","meta":{"saved_in_kubio":false},"product_brand":[],"product_cat":[78,40,70],"product_tag":[54,55,51,44],"class_list":{"0":"post-288","1":"product","2":"type-product","3":"status-publish","4":"has-post-thumbnail","6":"product_cat-livraison-speciale","7":"product_cat-romance","8":"product_cat-saga","9":"product_tag-musique","10":"product_tag-rock","11":"product_tag-romance-sombre","12":"product_tag-sexy","14":"first","15":"instock","16":"taxable","17":"shipping-taxable","18":"purchasable","19":"product-type-simple"},"jetpack_sharing_enabled":true,"_links":{"self":[{"href":"https:\/\/chiaravalentin.ovh\/index.php\/wp-json\/wp\/v2\/product\/288","targetHints":{"allow":["GET"]}}],"collection":[{"href":"https:\/\/chiaravalentin.ovh\/index.php\/wp-json\/wp\/v2\/product"}],"about":[{"href":"https:\/\/chiaravalentin.ovh\/index.php\/wp-json\/wp\/v2\/types\/product"}],"replies":[{"embeddable":true,"href":"https:\/\/chiaravalentin.ovh\/index.php\/wp-json\/wp\/v2\/comments?post=288"}],"wp:featuredmedia":[{"embeddable":true,"href":"https:\/\/chiaravalentin.ovh\/index.php\/wp-json\/wp\/v2\/media\/289"}],"wp:attachment":[{"href":"https:\/\/chiaravalentin.ovh\/index.php\/wp-json\/wp\/v2\/media?parent=288"}],"wp:term":[{"taxonomy":"product_brand","embeddable":true,"href":"https:\/\/chiaravalentin.ovh\/index.php\/wp-json\/wp\/v2\/product_brand?post=288"},{"taxonomy":"product_cat","embeddable":true,"href":"https:\/\/chiaravalentin.ovh\/index.php\/wp-json\/wp\/v2\/product_cat?post=288"},{"taxonomy":"product_tag","embeddable":true,"href":"https:\/\/chiaravalentin.ovh\/index.php\/wp-json\/wp\/v2\/product_tag?post=288"}],"curies":[{"name":"wp","href":"https:\/\/api.w.org\/{rel}","templated":true}]}}