{"id":298,"date":"2025-11-10T09:46:08","date_gmt":"2025-11-10T09:46:08","guid":{"rendered":"https:\/\/chiaravalentin.ovh\/?post_type=product&#038;p=298"},"modified":"2025-12-01T19:54:28","modified_gmt":"2025-12-01T19:54:28","slug":"envoutements","status":"publish","type":"product","link":"https:\/\/chiaravalentin.ovh\/index.php\/produit\/envoutements\/","title":{"rendered":"Envo\u00fbtements"},"content":{"rendered":"<p>Une station baln\u00e9aire.<br \/>\nUn inconnu au regard d\u2019ombre.<br \/>\nUn parfum d\u2019ambre et de cuir qui ne la quitte plus.<\/p>\n<p>Depuis leur rencontre, Clothilde vacille entre r\u00eave et r\u00e9alit\u00e9. Il la hante, la d\u00e9sire, la poss\u00e8de sans jamais la toucher.<br \/>\nDe l\u2019Espagne br\u00fblante aux myst\u00e8res de la Nouvelle-Orl\u00e9ans, son destin bascule dans une spirale de passion et de magie noire.<\/p>\n<p><strong>Envo\u00fbtement<\/strong> \u2014 quand le d\u00e9sir devient sortil\u00e8ge\u2026 et que l\u2019amour ne laisse aucune \u00e9chappatoire.<\/p>\n","protected":false},"excerpt":{"rendered":"<p><strong data-start=\"100\" data-end=\"163\">Un parfum. Un regard. Et soudain\u2026 plus aucune \u00e9chappatoire.<\/strong><br data-start=\"163\" data-end=\"166\" \/>Depuis qu\u2019elle a crois\u00e9 cet inconnu aux yeux d\u2019ombre, Clothilde br\u00fble, vacille, c\u00e8de.<br data-start=\"251\" data-end=\"254\" \/>Entre d\u00e9sir fi\u00e9vreux et magie noire, il l\u2019attire, la hante\u2026 et la marque sans la toucher.<br data-start=\"343\" data-end=\"346\" data-is-only-node=\"\" \/><em>Quand l\u2019envo\u00fbtement devient passion, jusqu\u2019o\u00f9 peut-on se perdre ?<\/em><\/p>\n","protected":false},"featured_media":299,"comment_status":"open","ping_status":"closed","template":"","meta":{"saved_in_kubio":false},"product_brand":[],"product_cat":[35],"product_tag":[37,72,51,44,39,36],"class_list":{"0":"post-298","1":"product","2":"type-product","3":"status-publish","4":"has-post-thumbnail","6":"product_cat-urban-fantaisy","7":"product_tag-magie","8":"product_tag-mystique","9":"product_tag-romance-sombre","10":"product_tag-sexy","11":"product_tag-thriller-psychologique","12":"product_tag-urban-fantaisy","14":"first","15":"instock","16":"taxable","17":"shipping-taxable","18":"purchasable","19":"product-type-simple"},"jetpack_sharing_enabled":true,"_links":{"self":[{"href":"https:\/\/chiaravalentin.ovh\/index.php\/wp-json\/wp\/v2\/product\/298","targetHints":{"allow":["GET"]}}],"collection":[{"href":"https:\/\/chiaravalentin.ovh\/index.php\/wp-json\/wp\/v2\/product"}],"about":[{"href":"https:\/\/chiaravalentin.ovh\/index.php\/wp-json\/wp\/v2\/types\/product"}],"replies":[{"embeddable":true,"href":"https:\/\/chiaravalentin.ovh\/index.php\/wp-json\/wp\/v2\/comments?post=298"}],"wp:featuredmedia":[{"embeddable":true,"href":"https:\/\/chiaravalentin.ovh\/index.php\/wp-json\/wp\/v2\/media\/299"}],"wp:attachment":[{"href":"https:\/\/chiaravalentin.ovh\/index.php\/wp-json\/wp\/v2\/media?parent=298"}],"wp:term":[{"taxonomy":"product_brand","embeddable":true,"href":"https:\/\/chiaravalentin.ovh\/index.php\/wp-json\/wp\/v2\/product_brand?post=298"},{"taxonomy":"product_cat","embeddable":true,"href":"https:\/\/chiaravalentin.ovh\/index.php\/wp-json\/wp\/v2\/product_cat?post=298"},{"taxonomy":"product_tag","embeddable":true,"href":"https:\/\/chiaravalentin.ovh\/index.php\/wp-json\/wp\/v2\/product_tag?post=298"}],"curies":[{"name":"wp","href":"https:\/\/api.w.org\/{rel}","templated":true}]}}