{"id":310,"date":"2025-12-01T09:37:09","date_gmt":"2025-12-01T09:37:09","guid":{"rendered":"https:\/\/chiaravalentin.ovh\/?post_type=product&#038;p=310"},"modified":"2025-12-05T09:45:18","modified_gmt":"2025-12-05T09:45:18","slug":"save-the-last-dance-for-me-cafe-grenadine-tome-1","status":"publish","type":"product","link":"https:\/\/chiaravalentin.ovh\/index.php\/produit\/save-the-last-dance-for-me-cafe-grenadine-tome-1\/","title":{"rendered":"Save the last dance for me &#8211; Caf\u00e9 Grenadine tome 1"},"content":{"rendered":"<p><em><strong>Caf\u00e9 Grenadine 1<\/strong><\/em><\/p>\n<p>Rosa n\u2019a qu\u2019un but, qu\u2019un seul objectif pour cette derni\u00e8re rentr\u00e9e au lyc\u00e9e : int\u00e9grer le c\u00e9l\u00e8bre Campus Canfield, \u00e9tablissement select qui m\u00eale les traditions am\u00e9ricaines \u00e0 l\u2019excellence fran\u00e7aise<\/p>\n<p>La jolie Marseillaise va avoir la chance, avec quelques mois d&rsquo;avance de r\u00e9aliser son r\u00eave, vivre comme dans ces teen movies qu\u2019elle affectionne tant.<\/p>\n<p>M\u00eame si ce n\u2019est qu\u2019un aper\u00e7u durant son temps libre, la jeune femme va fr\u00e9quenter les \u00e9tudiants, les soir\u00e9es, les bals, boire de la bi\u00e8re, danser, flirter, se sentir libre.<\/p>\n<p>Mais la libert\u00e9 a un prix, est-elle pr\u00eate \u00e0 le payer ?<\/p>\n","protected":false},"excerpt":{"rendered":"<p>&nbsp;<\/p>\n<p>Danser, flirter, r\u00eaver\u2026 mentir, jalouser, d\u00e9truire. \u00c0 Canfield, tout se paie.<br data-start=\"468\" data-end=\"471\" \/>Un campus mythique. Une fille pleine d\u2019espoir. Une v\u00e9rit\u00e9 qui brise tout.<br data-start=\"553\" data-end=\"556\" \/>\u00a0Elle voulait l\u2019histoire des films. Elle va vivre celle dont on ne parle jamais.<\/p>\n<p><strong><em>Rose en apparence. Obscur \u00e0 l\u2019int\u00e9rieur. Osez ouvrir.<\/em><\/strong><\/p>\n<p>&nbsp;<\/p>\n","protected":false},"featured_media":311,"comment_status":"open","ping_status":"closed","template":"","meta":{"saved_in_kubio":false},"product_brand":[],"product_cat":[76,40,48,70],"product_tag":[56,57,53,51,58],"class_list":{"0":"post-310","1":"product","2":"type-product","3":"status-publish","4":"has-post-thumbnail","6":"product_cat-cafe-grenadine","7":"product_cat-romance","8":"product_cat-romance-sombre","9":"product_cat-saga","10":"product_tag-campus-story","11":"product_tag-drame","12":"product_tag-romance","13":"product_tag-romance-sombre","14":"product_tag-vengeance","16":"first","17":"instock","18":"taxable","19":"shipping-taxable","20":"purchasable","21":"product-type-simple"},"jetpack_sharing_enabled":true,"_links":{"self":[{"href":"https:\/\/chiaravalentin.ovh\/index.php\/wp-json\/wp\/v2\/product\/310","targetHints":{"allow":["GET"]}}],"collection":[{"href":"https:\/\/chiaravalentin.ovh\/index.php\/wp-json\/wp\/v2\/product"}],"about":[{"href":"https:\/\/chiaravalentin.ovh\/index.php\/wp-json\/wp\/v2\/types\/product"}],"replies":[{"embeddable":true,"href":"https:\/\/chiaravalentin.ovh\/index.php\/wp-json\/wp\/v2\/comments?post=310"}],"wp:featuredmedia":[{"embeddable":true,"href":"https:\/\/chiaravalentin.ovh\/index.php\/wp-json\/wp\/v2\/media\/311"}],"wp:attachment":[{"href":"https:\/\/chiaravalentin.ovh\/index.php\/wp-json\/wp\/v2\/media?parent=310"}],"wp:term":[{"taxonomy":"product_brand","embeddable":true,"href":"https:\/\/chiaravalentin.ovh\/index.php\/wp-json\/wp\/v2\/product_brand?post=310"},{"taxonomy":"product_cat","embeddable":true,"href":"https:\/\/chiaravalentin.ovh\/index.php\/wp-json\/wp\/v2\/product_cat?post=310"},{"taxonomy":"product_tag","embeddable":true,"href":"https:\/\/chiaravalentin.ovh\/index.php\/wp-json\/wp\/v2\/product_tag?post=310"}],"curies":[{"name":"wp","href":"https:\/\/api.w.org\/{rel}","templated":true}]}}