{"id":312,"date":"2025-12-01T09:44:48","date_gmt":"2025-12-01T09:44:48","guid":{"rendered":"https:\/\/chiaravalentin.ovh\/?post_type=product&#038;p=312"},"modified":"2025-12-01T09:44:48","modified_gmt":"2025-12-01T09:44:48","slug":"le-livre-surprise-laissez-le-hasard-vous-choisir-une-histoire","status":"publish","type":"product","link":"https:\/\/chiaravalentin.ovh\/index.php\/produit\/le-livre-surprise-laissez-le-hasard-vous-choisir-une-histoire\/","title":{"rendered":"Le Livre Surprise : laissez le hasard vous choisir une histoire."},"content":{"rendered":"<p data-start=\"166\" data-end=\"450\">Et si vous retrouviez le frisson de l\u2019inconnu ?<br data-start=\"213\" data-end=\"216\" \/>Avec le <strong data-start=\"224\" data-end=\"242\">Livre Surprise<\/strong>, vous commandez sans rien savoir\u2026 ni du titre, ni du genre.<br data-start=\"318\" data-end=\"321\" \/>Vous ne d\u00e9couvrirez votre roman qu\u2019\u00e0 <strong data-start=\"358\" data-end=\"382\">l\u2019ouverture du colis<\/strong>, comme un cadeau que vous vous faites \u2013 ou que le destin vous tend.<\/p>\n<p data-start=\"452\" data-end=\"698\">Romance br\u00fblante, thriller addictif, fantasy envo\u00fbtante, coup de c\u0153ur inattendu\u2026<br data-start=\"532\" data-end=\"535\" \/>Chaque paquet contient un livre soigneusement s\u00e9lectionn\u00e9, emball\u00e9 avec attention, pens\u00e9 pour surprendre, \u00e9mouvoir et vous embarquer l\u00e0 o\u00f9 vous ne l\u2019attendiez pas.<\/p>\n<p data-start=\"700\" data-end=\"795\"><strong data-start=\"703\" data-end=\"732\">Un achat, une r\u00e9v\u00e9lation.<\/strong><br data-start=\"732\" data-end=\"735\" \/><strong data-start=\"738\" data-end=\"793\">Un plaisir simple : celui de se laisser surprendre.<\/strong><\/p>\n<p data-start=\"797\" data-end=\"904\">Osez tenter le hasard.<br data-start=\"819\" data-end=\"822\" \/>Votre prochaine obsession litt\u00e9raire vous attend\u2026 sans que vous le sachiez encore.<\/p>\n","protected":false},"excerpt":{"rendered":"<p>Un paquet, un secret, une r\u00e9v\u00e9lation.<br data-start=\"586\" data-end=\"589\" \/>Le Livre Surprise : laissez le destin tourner la page pour vous<\/p>\n<p data-start=\"445\" data-end=\"538\"><em>Vous ne savez pas ce que vous achetez.<\/em><br data-start=\"492\" data-end=\"495\" \/><em>Mais lui sait d\u00e9j\u00e0 comment vous captiver.<\/em><\/p>\n<p data-start=\"540\" data-end=\"653\">\n","protected":false},"featured_media":313,"comment_status":"open","ping_status":"closed","template":"","meta":{"saved_in_kubio":false},"product_brand":[],"product_cat":[59],"product_tag":[],"class_list":{"0":"post-312","1":"product","2":"type-product","3":"status-publish","4":"has-post-thumbnail","6":"product_cat-surprise","8":"first","9":"instock","10":"taxable","11":"shipping-taxable","12":"purchasable","13":"product-type-simple"},"jetpack_sharing_enabled":true,"_links":{"self":[{"href":"https:\/\/chiaravalentin.ovh\/index.php\/wp-json\/wp\/v2\/product\/312","targetHints":{"allow":["GET"]}}],"collection":[{"href":"https:\/\/chiaravalentin.ovh\/index.php\/wp-json\/wp\/v2\/product"}],"about":[{"href":"https:\/\/chiaravalentin.ovh\/index.php\/wp-json\/wp\/v2\/types\/product"}],"replies":[{"embeddable":true,"href":"https:\/\/chiaravalentin.ovh\/index.php\/wp-json\/wp\/v2\/comments?post=312"}],"wp:featuredmedia":[{"embeddable":true,"href":"https:\/\/chiaravalentin.ovh\/index.php\/wp-json\/wp\/v2\/media\/313"}],"wp:attachment":[{"href":"https:\/\/chiaravalentin.ovh\/index.php\/wp-json\/wp\/v2\/media?parent=312"}],"wp:term":[{"taxonomy":"product_brand","embeddable":true,"href":"https:\/\/chiaravalentin.ovh\/index.php\/wp-json\/wp\/v2\/product_brand?post=312"},{"taxonomy":"product_cat","embeddable":true,"href":"https:\/\/chiaravalentin.ovh\/index.php\/wp-json\/wp\/v2\/product_cat?post=312"},{"taxonomy":"product_tag","embeddable":true,"href":"https:\/\/chiaravalentin.ovh\/index.php\/wp-json\/wp\/v2\/product_tag?post=312"}],"curies":[{"name":"wp","href":"https:\/\/api.w.org\/{rel}","templated":true}]}}