{"id":314,"date":"2025-12-01T09:52:39","date_gmt":"2025-12-01T09:52:39","guid":{"rendered":"https:\/\/chiaravalentin.ovh\/?post_type=product&#038;p=314"},"modified":"2025-12-01T09:52:39","modified_gmt":"2025-12-01T09:52:39","slug":"last-christmas","status":"publish","type":"product","link":"https:\/\/chiaravalentin.ovh\/index.php\/produit\/last-christmas\/","title":{"rendered":"Last Christmas"},"content":{"rendered":"<p>L\u00e9o adore No\u00ebl.<\/p>\n<p>Chaque ann\u00e9e, il s&rsquo;applique tr\u00e8s consciencieusement \u00e0 le pr\u00e9parer afin de rendre cette f\u00eate inoubliable pour son Amour.<\/p>\n<p>Ys\u00e9e aime L\u00e9o et cette ann\u00e9e, c&rsquo;est elle qui a un cadeau tr\u00e8s sp\u00e9cial pour l\u2019homme de sa vie.<\/p>\n<p>Mais voil\u00e0, pour le r\u00e9veillon, L\u00e9o ne rentre pas, L\u00e9o ne rentrera plus..<\/p>\n<p>Cette nuit l\u00e0, le bonheur d\u2019Ys\u00e9e tourne au cauchemar. Tout s&rsquo;\u00e9croule autour de la jeune femme. No\u00ebl ne veut plus rien dire. d&rsquo;ailleurs, rien ne veut plus rien dire.<\/p>\n<p>Jusqu&rsquo;au jour o\u00f9, au march\u00e9, elle bouscule le P\u00e8re No\u00ebl par inadvertance<\/p>\n","protected":false},"excerpt":{"rendered":"<p data-start=\"228\" data-end=\"359\"><em data-start=\"237\" data-end=\"359\">No\u00ebl devait \u00eatre magique.<br data-start=\"263\" data-end=\"266\" \/>Il est devenu son pire cauchemar\u2026<br data-start=\"299\" data-end=\"302\" \/>jusqu\u2019\u00e0 cette rencontre qu\u2019aucun miracle n\u2019avait pr\u00e9vue.<\/em><\/p>\n<p data-start=\"361\" data-end=\"486\">\n","protected":false},"featured_media":315,"comment_status":"open","ping_status":"closed","template":"","meta":{"saved_in_kubio":false},"product_brand":[],"product_cat":[60,40],"product_tag":[57,61,53,44],"class_list":{"0":"post-314","1":"product","2":"type-product","3":"status-publish","4":"has-post-thumbnail","6":"product_cat-noel","7":"product_cat-romance","8":"product_tag-drame","9":"product_tag-noel","10":"product_tag-romance","11":"product_tag-sexy","13":"first","14":"instock","15":"taxable","16":"shipping-taxable","17":"purchasable","18":"product-type-simple"},"jetpack_sharing_enabled":true,"_links":{"self":[{"href":"https:\/\/chiaravalentin.ovh\/index.php\/wp-json\/wp\/v2\/product\/314","targetHints":{"allow":["GET"]}}],"collection":[{"href":"https:\/\/chiaravalentin.ovh\/index.php\/wp-json\/wp\/v2\/product"}],"about":[{"href":"https:\/\/chiaravalentin.ovh\/index.php\/wp-json\/wp\/v2\/types\/product"}],"replies":[{"embeddable":true,"href":"https:\/\/chiaravalentin.ovh\/index.php\/wp-json\/wp\/v2\/comments?post=314"}],"wp:featuredmedia":[{"embeddable":true,"href":"https:\/\/chiaravalentin.ovh\/index.php\/wp-json\/wp\/v2\/media\/315"}],"wp:attachment":[{"href":"https:\/\/chiaravalentin.ovh\/index.php\/wp-json\/wp\/v2\/media?parent=314"}],"wp:term":[{"taxonomy":"product_brand","embeddable":true,"href":"https:\/\/chiaravalentin.ovh\/index.php\/wp-json\/wp\/v2\/product_brand?post=314"},{"taxonomy":"product_cat","embeddable":true,"href":"https:\/\/chiaravalentin.ovh\/index.php\/wp-json\/wp\/v2\/product_cat?post=314"},{"taxonomy":"product_tag","embeddable":true,"href":"https:\/\/chiaravalentin.ovh\/index.php\/wp-json\/wp\/v2\/product_tag?post=314"}],"curies":[{"name":"wp","href":"https:\/\/api.w.org\/{rel}","templated":true}]}}