{"id":318,"date":"2025-12-01T10:12:30","date_gmt":"2025-12-01T10:12:30","guid":{"rendered":"https:\/\/chiaravalentin.ovh\/?post_type=product&#038;p=318"},"modified":"2025-12-01T10:12:30","modified_gmt":"2025-12-01T10:12:30","slug":"reste-avec-moi","status":"publish","type":"product","link":"https:\/\/chiaravalentin.ovh\/index.php\/produit\/reste-avec-moi\/","title":{"rendered":"Reste avec moi"},"content":{"rendered":"<p>Sylvana a rang\u00e9 Cupidon au placard.<br \/>\nDepuis que Felipe, son (ex-)fianc\u00e9, s\u2019est envol\u00e9 avec une Barbie taille r\u00e9elle &#8211; brushing inclus -, elle ne croit plus vraiment aux contes de f\u00e9es.<br \/>\nAlors, quand ses amies d\u00e9cident de lui d\u00e9goter un nouveau prince charmant, elle l\u00e8ve les yeux au ciel\u2026 mais joue le jeu. \u00c0 moiti\u00e9.<br \/>\nEt puis, parfois, le destin adore les rebondissements. Il suffit d\u2019un regard, d\u2019une chanson qui fait battre le c\u0153ur\u2026 et d\u2019un certain Tim.<br \/>\nUn sourire. Une nuit. Et voil\u00e0 que tout d\u00e9rape &#8211; version com\u00e9die romantique.<br \/>\nCe soir-l\u00e0, sans le savoir, Sylvana ne rencontre pas seulement l\u2019amour\u2026<br \/>\nElle d\u00e9clenche la temp\u00eate Baby Sharks.<\/p>\n","protected":false},"excerpt":{"rendered":"<p>Un ex infid\u00e8le, un crush impr\u00e9vu, un sourire qui fait tout basculer. Sylvana pensait toucher le fond\u2026 elle ne savait pas que la temp\u00eate arrivait.<\/p>\n","protected":false},"featured_media":319,"comment_status":"open","ping_status":"closed","template":"","meta":{"saved_in_kubio":false},"product_brand":[],"product_cat":[40,48],"product_tag":[45,55,53,58],"class_list":{"0":"post-318","1":"product","2":"type-product","3":"status-publish","4":"has-post-thumbnail","6":"product_cat-romance","7":"product_cat-romance-sombre","8":"product_tag-erotique","9":"product_tag-rock","10":"product_tag-romance","11":"product_tag-vengeance","13":"first","14":"instock","15":"taxable","16":"shipping-taxable","17":"purchasable","18":"product-type-simple"},"jetpack_sharing_enabled":true,"_links":{"self":[{"href":"https:\/\/chiaravalentin.ovh\/index.php\/wp-json\/wp\/v2\/product\/318","targetHints":{"allow":["GET"]}}],"collection":[{"href":"https:\/\/chiaravalentin.ovh\/index.php\/wp-json\/wp\/v2\/product"}],"about":[{"href":"https:\/\/chiaravalentin.ovh\/index.php\/wp-json\/wp\/v2\/types\/product"}],"replies":[{"embeddable":true,"href":"https:\/\/chiaravalentin.ovh\/index.php\/wp-json\/wp\/v2\/comments?post=318"}],"wp:featuredmedia":[{"embeddable":true,"href":"https:\/\/chiaravalentin.ovh\/index.php\/wp-json\/wp\/v2\/media\/319"}],"wp:attachment":[{"href":"https:\/\/chiaravalentin.ovh\/index.php\/wp-json\/wp\/v2\/media?parent=318"}],"wp:term":[{"taxonomy":"product_brand","embeddable":true,"href":"https:\/\/chiaravalentin.ovh\/index.php\/wp-json\/wp\/v2\/product_brand?post=318"},{"taxonomy":"product_cat","embeddable":true,"href":"https:\/\/chiaravalentin.ovh\/index.php\/wp-json\/wp\/v2\/product_cat?post=318"},{"taxonomy":"product_tag","embeddable":true,"href":"https:\/\/chiaravalentin.ovh\/index.php\/wp-json\/wp\/v2\/product_tag?post=318"}],"curies":[{"name":"wp","href":"https:\/\/api.w.org\/{rel}","templated":true}]}}