{"id":320,"date":"2025-12-01T10:19:34","date_gmt":"2025-12-01T10:19:34","guid":{"rendered":"https:\/\/chiaravalentin.ovh\/?post_type=product&#038;p=320"},"modified":"2025-12-01T19:55:52","modified_gmt":"2025-12-01T19:55:52","slug":"possession-eternelle","status":"publish","type":"product","link":"https:\/\/chiaravalentin.ovh\/index.php\/produit\/possession-eternelle\/","title":{"rendered":"Possession Eternelle"},"content":{"rendered":"<p><em>Et si ce tableau ne repr\u00e9sentait pas un inconnu\u2026 mais un souvenir ?<\/em><\/p>\n<p>Edna restaure des \u0153uvres anciennes. Un m\u00e9tier de silence, de patience, d\u2019effacement.<\/p>\n<p>Mais lorsqu\u2019elle d\u00e9couvre un portrait oubli\u00e9, tout vacille.<\/p>\n<p>Le regard du mod\u00e8le la hante. Les r\u00eaves se m\u00ealent au r\u00e9el. Des symboles apparaissent, des \u00e9poques s&rsquo;entrelacent.<\/p>\n<p>Un pacte ancien r\u00e9clame son d\u00fb.<\/p>\n<p>Deux \u00e2mes s\u2019attirent. Mais le destin n\u2019est pas tendre avec ceux qui d\u00e9fient le temps.<\/p>\n<p><strong><em>Magie, m\u00e9moire, et amour \u00e9ternel : une travers\u00e9e envo\u00fbtante au c\u0153ur des vies que l\u2019on croit avoir oubli\u00e9es<\/em><\/strong><\/p>\n","protected":false},"excerpt":{"rendered":"<p>Un visage peint, un souvenir qui s\u2019\u00e9veille, un destin qui r\u00e9clame justice.<br data-start=\"407\" data-end=\"410\" \/>Certains amours ne meurent jamais.<\/p>\n","protected":false},"featured_media":321,"comment_status":"open","ping_status":"closed","template":"","meta":{"saved_in_kubio":false},"product_brand":[],"product_cat":[35],"product_tag":[57,72,49,51,52,39,50,36],"class_list":{"0":"post-320","1":"product","2":"type-product","3":"status-publish","4":"has-post-thumbnail","6":"product_cat-urban-fantaisy","7":"product_tag-drame","8":"product_tag-mystique","9":"product_tag-ombres-du-passe","10":"product_tag-romance-sombre","11":"product_tag-suspense","12":"product_tag-thriller-psychologique","13":"product_tag-thriller-sentimental","14":"product_tag-urban-fantaisy","16":"first","17":"instock","18":"taxable","19":"shipping-taxable","20":"purchasable","21":"product-type-simple"},"jetpack_sharing_enabled":true,"_links":{"self":[{"href":"https:\/\/chiaravalentin.ovh\/index.php\/wp-json\/wp\/v2\/product\/320","targetHints":{"allow":["GET"]}}],"collection":[{"href":"https:\/\/chiaravalentin.ovh\/index.php\/wp-json\/wp\/v2\/product"}],"about":[{"href":"https:\/\/chiaravalentin.ovh\/index.php\/wp-json\/wp\/v2\/types\/product"}],"replies":[{"embeddable":true,"href":"https:\/\/chiaravalentin.ovh\/index.php\/wp-json\/wp\/v2\/comments?post=320"}],"wp:featuredmedia":[{"embeddable":true,"href":"https:\/\/chiaravalentin.ovh\/index.php\/wp-json\/wp\/v2\/media\/321"}],"wp:attachment":[{"href":"https:\/\/chiaravalentin.ovh\/index.php\/wp-json\/wp\/v2\/media?parent=320"}],"wp:term":[{"taxonomy":"product_brand","embeddable":true,"href":"https:\/\/chiaravalentin.ovh\/index.php\/wp-json\/wp\/v2\/product_brand?post=320"},{"taxonomy":"product_cat","embeddable":true,"href":"https:\/\/chiaravalentin.ovh\/index.php\/wp-json\/wp\/v2\/product_cat?post=320"},{"taxonomy":"product_tag","embeddable":true,"href":"https:\/\/chiaravalentin.ovh\/index.php\/wp-json\/wp\/v2\/product_tag?post=320"}],"curies":[{"name":"wp","href":"https:\/\/api.w.org\/{rel}","templated":true}]}}