{"id":322,"date":"2025-12-01T10:29:39","date_gmt":"2025-12-01T10:29:39","guid":{"rendered":"https:\/\/chiaravalentin.ovh\/?post_type=product&#038;p=322"},"modified":"2025-12-01T10:29:39","modified_gmt":"2025-12-01T10:29:39","slug":"vivre-pour-le-meilleur","status":"publish","type":"product","link":"https:\/\/chiaravalentin.ovh\/index.php\/produit\/vivre-pour-le-meilleur\/","title":{"rendered":"Vivre pour le meilleur"},"content":{"rendered":"<p>Jolie fille \u00e0 qui son p\u00e8re a donn\u00e9 le pr\u00e9nom d\u2019un titre de chanson, Aline, de coups durs en coups d\u2019un soir apprend \u00e0 \u00ab Vivre pour le meilleur \u00bb.<\/p>\n","protected":false},"excerpt":{"rendered":"<p data-start=\"480\" data-end=\"602\"><em>\u00ab Vivre pour le meilleur \u00bb n\u2019est pas qu\u2019un mantra : c\u2019est un apprentissage, douloureux, intense\u2026 et profond\u00e9ment humain.<\/em><\/p>\n<p data-start=\"604\" data-end=\"811\">Aline va d\u00e9couvrir que m\u00eame au c\u0153ur des blessures, l\u2019amour \u2014 sous toutes ses formes \u2014 peut offrir un nouveau souffle, et que parfois, le plus beau des refrains se cache derri\u00e8re les silences et les larmes.<\/p>\n","protected":false},"featured_media":323,"comment_status":"open","ping_status":"closed","template":"","meta":{"saved_in_kubio":false},"product_brand":[],"product_cat":[48],"product_tag":[57,53],"class_list":{"0":"post-322","1":"product","2":"type-product","3":"status-publish","4":"has-post-thumbnail","6":"product_cat-romance-sombre","7":"product_tag-drame","8":"product_tag-romance","10":"first","11":"instock","12":"taxable","13":"shipping-taxable","14":"purchasable","15":"product-type-simple"},"jetpack_sharing_enabled":true,"_links":{"self":[{"href":"https:\/\/chiaravalentin.ovh\/index.php\/wp-json\/wp\/v2\/product\/322","targetHints":{"allow":["GET"]}}],"collection":[{"href":"https:\/\/chiaravalentin.ovh\/index.php\/wp-json\/wp\/v2\/product"}],"about":[{"href":"https:\/\/chiaravalentin.ovh\/index.php\/wp-json\/wp\/v2\/types\/product"}],"replies":[{"embeddable":true,"href":"https:\/\/chiaravalentin.ovh\/index.php\/wp-json\/wp\/v2\/comments?post=322"}],"wp:featuredmedia":[{"embeddable":true,"href":"https:\/\/chiaravalentin.ovh\/index.php\/wp-json\/wp\/v2\/media\/323"}],"wp:attachment":[{"href":"https:\/\/chiaravalentin.ovh\/index.php\/wp-json\/wp\/v2\/media?parent=322"}],"wp:term":[{"taxonomy":"product_brand","embeddable":true,"href":"https:\/\/chiaravalentin.ovh\/index.php\/wp-json\/wp\/v2\/product_brand?post=322"},{"taxonomy":"product_cat","embeddable":true,"href":"https:\/\/chiaravalentin.ovh\/index.php\/wp-json\/wp\/v2\/product_cat?post=322"},{"taxonomy":"product_tag","embeddable":true,"href":"https:\/\/chiaravalentin.ovh\/index.php\/wp-json\/wp\/v2\/product_tag?post=322"}],"curies":[{"name":"wp","href":"https:\/\/api.w.org\/{rel}","templated":true}]}}