{"id":324,"date":"2025-12-01T10:45:26","date_gmt":"2025-12-01T10:45:26","guid":{"rendered":"https:\/\/chiaravalentin.ovh\/?post_type=product&#038;p=324"},"modified":"2025-12-01T10:45:27","modified_gmt":"2025-12-01T10:45:27","slug":"il-etait-une-fois-obscur","status":"publish","type":"product","link":"https:\/\/chiaravalentin.ovh\/index.php\/produit\/il-etait-une-fois-obscur\/","title":{"rendered":"Il \u00e9tait une fois&#8230; Obscur"},"content":{"rendered":"<p><em>Il \u00e9tait une fois&#8230;\u00a0<\/em><\/p>\n<p>Oui, en fait, cette histoire pourrait commencer par \u00ab il \u00e9tait une fois \u00bb.<\/p>\n<p>Comme dans tous les contes de f\u00e9es que l\u2019on nous racontait lorsque nous \u00e9tions enfants, il faut un prince charmant, une demoiselle plus ou moins en d\u00e9tresse, un m\u00e9chant et plein de complications. Dans un conte de f\u00e9es, il y aurait aussi des oiseaux, des c\u0153urs, des fleurs et des chansons.<\/p>\n<p><em>Mais cette histoire&#8230; n\u2019est pas un conte de f\u00e9es.<\/em><\/p>\n","protected":false},"excerpt":{"rendered":"<p data-start=\"158\" data-end=\"241\"><em data-start=\"167\" data-end=\"239\">Il \u00e9tait une fois\u2026 sauf que cette fois, ce n\u2019est pas un conte de f\u00e9es.<\/em><\/p>\n<p data-start=\"243\" data-end=\"341\">\n","protected":false},"featured_media":325,"comment_status":"open","ping_status":"closed","template":"","meta":{"saved_in_kubio":false},"product_brand":[],"product_cat":[35],"product_tag":[57,37,53,44,38,52,36,58],"class_list":{"0":"post-324","1":"product","2":"type-product","3":"status-publish","4":"has-post-thumbnail","6":"product_cat-urban-fantaisy","7":"product_tag-drame","8":"product_tag-magie","9":"product_tag-romance","10":"product_tag-sexy","11":"product_tag-sorciere","12":"product_tag-suspense","13":"product_tag-urban-fantaisy","14":"product_tag-vengeance","16":"first","17":"instock","18":"taxable","19":"shipping-taxable","20":"purchasable","21":"product-type-simple"},"jetpack_sharing_enabled":true,"_links":{"self":[{"href":"https:\/\/chiaravalentin.ovh\/index.php\/wp-json\/wp\/v2\/product\/324","targetHints":{"allow":["GET"]}}],"collection":[{"href":"https:\/\/chiaravalentin.ovh\/index.php\/wp-json\/wp\/v2\/product"}],"about":[{"href":"https:\/\/chiaravalentin.ovh\/index.php\/wp-json\/wp\/v2\/types\/product"}],"replies":[{"embeddable":true,"href":"https:\/\/chiaravalentin.ovh\/index.php\/wp-json\/wp\/v2\/comments?post=324"}],"wp:featuredmedia":[{"embeddable":true,"href":"https:\/\/chiaravalentin.ovh\/index.php\/wp-json\/wp\/v2\/media\/325"}],"wp:attachment":[{"href":"https:\/\/chiaravalentin.ovh\/index.php\/wp-json\/wp\/v2\/media?parent=324"}],"wp:term":[{"taxonomy":"product_brand","embeddable":true,"href":"https:\/\/chiaravalentin.ovh\/index.php\/wp-json\/wp\/v2\/product_brand?post=324"},{"taxonomy":"product_cat","embeddable":true,"href":"https:\/\/chiaravalentin.ovh\/index.php\/wp-json\/wp\/v2\/product_cat?post=324"},{"taxonomy":"product_tag","embeddable":true,"href":"https:\/\/chiaravalentin.ovh\/index.php\/wp-json\/wp\/v2\/product_tag?post=324"}],"curies":[{"name":"wp","href":"https:\/\/api.w.org\/{rel}","templated":true}]}}