{"id":327,"date":"2025-12-01T10:50:04","date_gmt":"2025-12-01T10:50:04","guid":{"rendered":"https:\/\/chiaravalentin.ovh\/?post_type=product&#038;p=327"},"modified":"2025-12-01T19:56:14","modified_gmt":"2025-12-01T19:56:14","slug":"un-noel-rocknmagic","status":"publish","type":"product","link":"https:\/\/chiaravalentin.ovh\/index.php\/produit\/un-noel-rocknmagic\/","title":{"rendered":"Un No\u00ebl Rock&rsquo;n&rsquo;Magic"},"content":{"rendered":"<div class=\"oe_structure\">\n<p>Shade, ic\u00f4ne du rock et \u00e2me \u00e9gar\u00e9e dans le chaos des exc\u00e8s, est pouss\u00e9 par son manager \u00e0 se retirer des feux de la rampe. Il trouve refuge \u00e0 Ludhall, un village hors du temps o\u00f9 les secrets semblent flotter dans l\u2019air.<\/p>\n<p>C\u2019est l\u00e0 qu\u2019il croise le chemin d\u2019Isis, une sorci\u00e8re au charme magn\u00e9tique, gardienne d\u2019une boutique \u00e9sot\u00e9rique aussi myst\u00e9rieuse que son sourire. Troubl\u00e9, Shade esp\u00e8re qu\u2019elle saura conjurer les tourments qui hantent son c\u0153ur.<\/p>\n<p>Mais avec Isis vient une m\u00e9lodie, envo\u00fbtante et obs\u00e9dante, qui s\u2019insinue dans l\u2019esprit du musicien, r\u00e9veillant une inspiration oubli\u00e9e. Entre magie et r\u00e9alit\u00e9s, rituels mystiques et r\u00e9v\u00e9lations intimes, leur rencontre promet de bouleverser bien plus qu\u2019une vie.<\/p>\n<p>Sous le scintillement des \u00e9toiles d\u2019un No\u00ebl pas comme les autres, ce r\u00e9cit explore l\u2019amour et la lumi\u00e8re, l\u2019espoir et le pardon, prouvant que m\u00eame dans l\u2019obscurit\u00e9, il suffit d\u2019un c\u0153ur pour rallumer l\u2019\u00e9tincelle du destin.<\/p>\n<\/div>\n<form action=\"https:\/\/www.erato-editions.net\/shop\/cart\/update\" method=\"POST\">\n<div class=\"js_product js_main_product mb-3\">\n<div class=\"product_price mt-2 mb-3 d-inline-block\">\n<h3 class=\"css_editable_mode_hidden\"><\/h3>\n<\/div>\n<\/div>\n<\/form>\n","protected":false},"excerpt":{"rendered":"<p>Rock, sortil\u00e8ges et passions interdites\u2026<br data-start=\"235\" data-end=\"238\" \/>\u00c0 Ludhall, la musique n\u2019est pas la seule \u00e0 faire battre les c\u0153urs.<\/p>\n","protected":false},"featured_media":328,"comment_status":"open","ping_status":"closed","template":"","meta":{"saved_in_kubio":false},"product_brand":[],"product_cat":[60,48],"product_tag":[37,61,55,53,44,38],"class_list":{"0":"post-327","1":"product","2":"type-product","3":"status-publish","4":"has-post-thumbnail","6":"product_cat-noel","7":"product_cat-romance-sombre","8":"product_tag-magie","9":"product_tag-noel","10":"product_tag-rock","11":"product_tag-romance","12":"product_tag-sexy","13":"product_tag-sorciere","15":"first","16":"instock","17":"taxable","18":"shipping-taxable","19":"purchasable","20":"product-type-simple"},"jetpack_sharing_enabled":true,"_links":{"self":[{"href":"https:\/\/chiaravalentin.ovh\/index.php\/wp-json\/wp\/v2\/product\/327","targetHints":{"allow":["GET"]}}],"collection":[{"href":"https:\/\/chiaravalentin.ovh\/index.php\/wp-json\/wp\/v2\/product"}],"about":[{"href":"https:\/\/chiaravalentin.ovh\/index.php\/wp-json\/wp\/v2\/types\/product"}],"replies":[{"embeddable":true,"href":"https:\/\/chiaravalentin.ovh\/index.php\/wp-json\/wp\/v2\/comments?post=327"}],"wp:featuredmedia":[{"embeddable":true,"href":"https:\/\/chiaravalentin.ovh\/index.php\/wp-json\/wp\/v2\/media\/328"}],"wp:attachment":[{"href":"https:\/\/chiaravalentin.ovh\/index.php\/wp-json\/wp\/v2\/media?parent=327"}],"wp:term":[{"taxonomy":"product_brand","embeddable":true,"href":"https:\/\/chiaravalentin.ovh\/index.php\/wp-json\/wp\/v2\/product_brand?post=327"},{"taxonomy":"product_cat","embeddable":true,"href":"https:\/\/chiaravalentin.ovh\/index.php\/wp-json\/wp\/v2\/product_cat?post=327"},{"taxonomy":"product_tag","embeddable":true,"href":"https:\/\/chiaravalentin.ovh\/index.php\/wp-json\/wp\/v2\/product_tag?post=327"}],"curies":[{"name":"wp","href":"https:\/\/api.w.org\/{rel}","templated":true}]}}