{"id":329,"date":"2025-12-01T10:51:35","date_gmt":"2025-12-01T10:51:35","guid":{"rendered":"https:\/\/chiaravalentin.ovh\/?post_type=product&#038;p=329"},"modified":"2025-12-01T19:52:15","modified_gmt":"2025-12-01T19:52:15","slug":"soleil-dautomne","status":"publish","type":"product","link":"https:\/\/chiaravalentin.ovh\/index.php\/produit\/soleil-dautomne\/","title":{"rendered":"Soleil d&rsquo;Automne"},"content":{"rendered":"<p>Une nouvelle saison commence pour Francesca Morel, chef de r\u00e9ception du Grand-H\u00f4tel de la plage.<\/p>\n<p>Des d\u00e9sirs plein la t\u00eate, de l&rsquo;amour plein le c\u0153ur, elle esp\u00e8re pour cet \u00e9t\u00e9 mettre un peu de fantaisie dans sa r\u00e9alit\u00e9&#8230;<\/p>\n<p>Sans savoir que trois hommes vont bouleverser sa vie, chacun \u00e0 sa mani\u00e8re.<\/p>\n","protected":false},"excerpt":{"rendered":"<p>Un \u00e9t\u00e9 pour r\u00eaver, trois hommes pour bouleverser sa vie\u2026<br data-start=\"241\" data-end=\"244\" \/>Mais derri\u00e8re les d\u00e9sirs et les passions, l\u2019un d\u2019eux porte le poids d\u2019un amour que sa famille refuse.<br data-start=\"345\" data-end=\"348\" \/>Francesca d\u00e9couvrira que l\u2019amour se vit aussi dans le courage et la r\u00e9silience.<\/p>\n","protected":false},"featured_media":330,"comment_status":"open","ping_status":"closed","template":"","meta":{"saved_in_kubio":false},"product_brand":[],"product_cat":[62,40],"product_tag":[63,57,53],"class_list":{"0":"post-329","1":"product","2":"type-product","3":"status-publish","4":"has-post-thumbnail","6":"product_cat-ete","7":"product_cat-romance","8":"product_tag-amour-dete","9":"product_tag-drame","10":"product_tag-romance","12":"first","13":"instock","14":"taxable","15":"shipping-taxable","16":"purchasable","17":"product-type-simple"},"jetpack_sharing_enabled":true,"_links":{"self":[{"href":"https:\/\/chiaravalentin.ovh\/index.php\/wp-json\/wp\/v2\/product\/329","targetHints":{"allow":["GET"]}}],"collection":[{"href":"https:\/\/chiaravalentin.ovh\/index.php\/wp-json\/wp\/v2\/product"}],"about":[{"href":"https:\/\/chiaravalentin.ovh\/index.php\/wp-json\/wp\/v2\/types\/product"}],"replies":[{"embeddable":true,"href":"https:\/\/chiaravalentin.ovh\/index.php\/wp-json\/wp\/v2\/comments?post=329"}],"wp:featuredmedia":[{"embeddable":true,"href":"https:\/\/chiaravalentin.ovh\/index.php\/wp-json\/wp\/v2\/media\/330"}],"wp:attachment":[{"href":"https:\/\/chiaravalentin.ovh\/index.php\/wp-json\/wp\/v2\/media?parent=329"}],"wp:term":[{"taxonomy":"product_brand","embeddable":true,"href":"https:\/\/chiaravalentin.ovh\/index.php\/wp-json\/wp\/v2\/product_brand?post=329"},{"taxonomy":"product_cat","embeddable":true,"href":"https:\/\/chiaravalentin.ovh\/index.php\/wp-json\/wp\/v2\/product_cat?post=329"},{"taxonomy":"product_tag","embeddable":true,"href":"https:\/\/chiaravalentin.ovh\/index.php\/wp-json\/wp\/v2\/product_tag?post=329"}],"curies":[{"name":"wp","href":"https:\/\/api.w.org\/{rel}","templated":true}]}}