{"id":331,"date":"2025-12-01T11:09:57","date_gmt":"2025-12-01T11:09:57","guid":{"rendered":"https:\/\/chiaravalentin.ovh\/?post_type=product&#038;p=331"},"modified":"2025-12-01T11:14:29","modified_gmt":"2025-12-01T11:14:29","slug":"a-lenvers-a-lendroit","status":"publish","type":"product","link":"https:\/\/chiaravalentin.ovh\/index.php\/produit\/a-lenvers-a-lendroit\/","title":{"rendered":"A l&rsquo;envers, \u00e0 l&rsquo;endroit"},"content":{"rendered":"<p>Il fut son premier amour. Il fut aussi sa premi\u00e8re trahison.<\/p>\n<p>Vingt ans apr\u00e8s l\u2019avoir bris\u00e9e, Damiano Bautista revient dans la vie de Cl\u00e9oph\u00e9e sans la reconna\u00eetre.<\/p>\n<p>Lui, le joueur star que tout le monde d\u00e9sire.<\/p>\n<p>Elle, la femme qu\u2019il a pi\u00e9tin\u00e9e autrefois\u2026 et qui n\u2019a jamais cess\u00e9 de l\u2019aimer. Sous les apparences, les regards se fr\u00f4lent, les souvenirs se r\u00e9veillent, les corps se d\u00e9fient.<\/p>\n<p>Mais entre le pardon et la vengeance, la fronti\u00e8re est mince.<\/p>\n<p>Et lorsqu\u2019un pass\u00e9 trop lourd refait surface, le d\u00e9sir peut devenir une arme.<\/p>\n<p>Un roman br\u00fblant de tension et d\u2019\u00e9motion, o\u00f9 l\u2019amour n\u2019a jamais vraiment cess\u00e9 de saigner.<\/p>\n<p>&nbsp;<\/p>\n<p>&nbsp;<\/p>\n","protected":false},"excerpt":{"rendered":"<p>Il a bris\u00e9 son c\u0153ur.<br data-start=\"221\" data-end=\"224\" \/>Il revient dans sa vie.<br data-start=\"247\" data-end=\"250\" \/>Et Cl\u00e9oph\u00e9e d\u00e9couvre que certaines passions ne meurent jamais\u2026 elles br\u00fblent.<\/p>\n<p><em><strong>Des milliers de lectrices convaincues, et vous ?<\/strong><\/em><\/p>\n","protected":false},"featured_media":332,"comment_status":"open","ping_status":"closed","template":"","meta":{"saved_in_kubio":false},"product_brand":[],"product_cat":[40],"product_tag":[53,64,58],"class_list":{"0":"post-331","1":"product","2":"type-product","3":"status-publish","4":"has-post-thumbnail","6":"product_cat-romance","7":"product_tag-romance","8":"product_tag-romance-sportive","9":"product_tag-vengeance","11":"first","12":"instock","13":"taxable","14":"shipping-taxable","15":"purchasable","16":"product-type-simple"},"jetpack_sharing_enabled":true,"_links":{"self":[{"href":"https:\/\/chiaravalentin.ovh\/index.php\/wp-json\/wp\/v2\/product\/331","targetHints":{"allow":["GET"]}}],"collection":[{"href":"https:\/\/chiaravalentin.ovh\/index.php\/wp-json\/wp\/v2\/product"}],"about":[{"href":"https:\/\/chiaravalentin.ovh\/index.php\/wp-json\/wp\/v2\/types\/product"}],"replies":[{"embeddable":true,"href":"https:\/\/chiaravalentin.ovh\/index.php\/wp-json\/wp\/v2\/comments?post=331"}],"wp:featuredmedia":[{"embeddable":true,"href":"https:\/\/chiaravalentin.ovh\/index.php\/wp-json\/wp\/v2\/media\/332"}],"wp:attachment":[{"href":"https:\/\/chiaravalentin.ovh\/index.php\/wp-json\/wp\/v2\/media?parent=331"}],"wp:term":[{"taxonomy":"product_brand","embeddable":true,"href":"https:\/\/chiaravalentin.ovh\/index.php\/wp-json\/wp\/v2\/product_brand?post=331"},{"taxonomy":"product_cat","embeddable":true,"href":"https:\/\/chiaravalentin.ovh\/index.php\/wp-json\/wp\/v2\/product_cat?post=331"},{"taxonomy":"product_tag","embeddable":true,"href":"https:\/\/chiaravalentin.ovh\/index.php\/wp-json\/wp\/v2\/product_tag?post=331"}],"curies":[{"name":"wp","href":"https:\/\/api.w.org\/{rel}","templated":true}]}}