{"id":334,"date":"2025-12-01T15:21:30","date_gmt":"2025-12-01T15:21:30","guid":{"rendered":"https:\/\/chiaravalentin.ovh\/?post_type=product&#038;p=334"},"modified":"2025-12-01T15:47:44","modified_gmt":"2025-12-01T15:47:44","slug":"la-pochette-surprise-mystere-osez-linattendu","status":"publish","type":"product","link":"https:\/\/chiaravalentin.ovh\/index.php\/produit\/la-pochette-surprise-mystere-osez-linattendu\/","title":{"rendered":"La Pochette Surprise Myst\u00e8re \u2013 Osez l\u2019inattendu !"},"content":{"rendered":"<p data-start=\"153\" data-end=\"391\">nvie d\u2019un frisson, d\u2019un sourire, d\u2019un petit moment de magie rien que pour vous ?<br data-start=\"234\" data-end=\"237\" \/>Offrez-vous (ou offrez \u00e0 quelqu\u2019un) une <strong data-start=\"277\" data-end=\"298\">pochette surprise<\/strong> qui porte merveilleusement bien son nom : vous commandez\u2026 sans savoir ce qui vous attend !<\/p>\n<p data-start=\"393\" data-end=\"608\">\u00c0 l\u2019int\u00e9rieur ?<br data-start=\"408\" data-end=\"411\" \/>Des <strong data-start=\"418\" data-end=\"439\">goodies exclusifs<\/strong>, s\u00e9lectionn\u00e9s avec soin,<br data-start=\"464\" data-end=\"467\" \/>De petites <strong data-start=\"481\" data-end=\"504\">surprises collector<\/strong>,<br data-start=\"505\" data-end=\"508\" \/>Et ce petit <strong data-start=\"523\" data-end=\"551\">instant d\u2019\u00e9merveillement<\/strong> qui fait toute la diff\u00e9rence au moment de l\u2019ouverture.<\/p>\n<p data-start=\"610\" data-end=\"800\">Chaque pochette est unique, un petit tr\u00e9sor scell\u00e9, pr\u00eat \u00e0 r\u00e9v\u00e9ler ses secrets.<br data-start=\"689\" data-end=\"692\" \/>Parfaite pour les curieux, les amoureux de surprises\u2026 et tous ceux qui veulent se faire plaisir autrement.<\/p>\n<p data-start=\"802\" data-end=\"841\"><strong data-start=\"804\" data-end=\"839\">Oserez-vous tenter l\u2019aventure ?<\/strong><\/p>\n","protected":false},"excerpt":{"rendered":"<p><strong data-start=\"69\" data-end=\"131\">Ouvrez-la\u2026 et laissez la surprise faire battre votre c\u0153ur.<\/strong><\/p>\n","protected":false},"featured_media":335,"comment_status":"open","ping_status":"closed","template":"","meta":{"saved_in_kubio":false},"product_brand":[],"product_cat":[59],"product_tag":[],"class_list":{"0":"post-334","1":"product","2":"type-product","3":"status-publish","4":"has-post-thumbnail","6":"product_cat-surprise","8":"first","9":"instock","10":"taxable","11":"shipping-taxable","12":"purchasable","13":"product-type-simple"},"jetpack_sharing_enabled":true,"_links":{"self":[{"href":"https:\/\/chiaravalentin.ovh\/index.php\/wp-json\/wp\/v2\/product\/334","targetHints":{"allow":["GET"]}}],"collection":[{"href":"https:\/\/chiaravalentin.ovh\/index.php\/wp-json\/wp\/v2\/product"}],"about":[{"href":"https:\/\/chiaravalentin.ovh\/index.php\/wp-json\/wp\/v2\/types\/product"}],"replies":[{"embeddable":true,"href":"https:\/\/chiaravalentin.ovh\/index.php\/wp-json\/wp\/v2\/comments?post=334"}],"wp:featuredmedia":[{"embeddable":true,"href":"https:\/\/chiaravalentin.ovh\/index.php\/wp-json\/wp\/v2\/media\/335"}],"wp:attachment":[{"href":"https:\/\/chiaravalentin.ovh\/index.php\/wp-json\/wp\/v2\/media?parent=334"}],"wp:term":[{"taxonomy":"product_brand","embeddable":true,"href":"https:\/\/chiaravalentin.ovh\/index.php\/wp-json\/wp\/v2\/product_brand?post=334"},{"taxonomy":"product_cat","embeddable":true,"href":"https:\/\/chiaravalentin.ovh\/index.php\/wp-json\/wp\/v2\/product_cat?post=334"},{"taxonomy":"product_tag","embeddable":true,"href":"https:\/\/chiaravalentin.ovh\/index.php\/wp-json\/wp\/v2\/product_tag?post=334"}],"curies":[{"name":"wp","href":"https:\/\/api.w.org\/{rel}","templated":true}]}}