{"id":336,"date":"2025-12-01T15:58:07","date_gmt":"2025-12-01T15:58:07","guid":{"rendered":"https:\/\/chiaravalentin.ovh\/?post_type=product&#038;p=336"},"modified":"2025-12-01T20:28:28","modified_gmt":"2025-12-01T20:28:28","slug":"rose-de-sang-the-steel-lord-vol-1","status":"publish","type":"product","link":"https:\/\/chiaravalentin.ovh\/index.php\/produit\/rose-de-sang-the-steel-lord-vol-1\/","title":{"rendered":"Rose de Sang &#8211; The Steel Lord vol.1"},"content":{"rendered":"<p><strong><em>The Steel Lord<\/em><\/strong><\/p>\n<p>Lorsque sa m\u00e8re meurt \u00ab accidentellement \u00bb, Betty d\u00e9cide de tout plaquer et de prendre un nouveau d\u00e9part.<\/p>\n<p>Fini le club, ses membres et toutes les histoires qui risquent de g\u00e2cher sa vie.<\/p>\n<p>C\u2019est dans la ville qui l\u2019a vu na\u00eetre qu\u2019elle choisit de repartir de z\u00e9ro. Elle ne conna\u00eet personne et personne ne la conna\u00eet.<\/p>\n<p>Vraiment ? On dirait plut\u00f4t que tout le monde l\u2019attend.<\/p>\n","protected":false},"excerpt":{"rendered":"<p><strong data-start=\"116\" data-end=\"183\">Dans l\u2019ombre des moteurs, personne n\u2019\u00e9chappe vraiment au pass\u00e9.<\/strong><br data-start=\"183\" data-end=\"186\" \/>Quand Betty fuit son club apr\u00e8s la mort suspecte de sa m\u00e8re, elle croit rena\u00eetre ailleurs. Mais dans la ville o\u00f9 tout a commenc\u00e9, les regards la suivent, les secrets l\u2019\u00e9touffent\u2026 et les hommes du bitume n\u2019ont pas oubli\u00e9 son nom. Entre violence, d\u00e9sir et vengeance, la libert\u00e9 a toujours un prix.<\/p>\n","protected":false},"featured_media":337,"comment_status":"open","ping_status":"closed","template":"","meta":{"saved_in_kubio":false},"product_brand":[],"product_cat":[65,66,70,77],"product_tag":[67,68,57,44,52,46,58],"class_list":{"0":"post-336","1":"product","2":"type-product","3":"status-publish","4":"has-post-thumbnail","6":"product_cat-biker","7":"product_cat-dark","8":"product_cat-saga","9":"product_cat-the-steel-lord","10":"product_tag-biker","11":"product_tag-dark-romance","12":"product_tag-drame","13":"product_tag-sexy","14":"product_tag-suspense","15":"product_tag-tortures","16":"product_tag-vengeance","18":"first","19":"instock","20":"taxable","21":"shipping-taxable","22":"purchasable","23":"product-type-simple"},"jetpack_sharing_enabled":true,"_links":{"self":[{"href":"https:\/\/chiaravalentin.ovh\/index.php\/wp-json\/wp\/v2\/product\/336","targetHints":{"allow":["GET"]}}],"collection":[{"href":"https:\/\/chiaravalentin.ovh\/index.php\/wp-json\/wp\/v2\/product"}],"about":[{"href":"https:\/\/chiaravalentin.ovh\/index.php\/wp-json\/wp\/v2\/types\/product"}],"replies":[{"embeddable":true,"href":"https:\/\/chiaravalentin.ovh\/index.php\/wp-json\/wp\/v2\/comments?post=336"}],"wp:featuredmedia":[{"embeddable":true,"href":"https:\/\/chiaravalentin.ovh\/index.php\/wp-json\/wp\/v2\/media\/337"}],"wp:attachment":[{"href":"https:\/\/chiaravalentin.ovh\/index.php\/wp-json\/wp\/v2\/media?parent=336"}],"wp:term":[{"taxonomy":"product_brand","embeddable":true,"href":"https:\/\/chiaravalentin.ovh\/index.php\/wp-json\/wp\/v2\/product_brand?post=336"},{"taxonomy":"product_cat","embeddable":true,"href":"https:\/\/chiaravalentin.ovh\/index.php\/wp-json\/wp\/v2\/product_cat?post=336"},{"taxonomy":"product_tag","embeddable":true,"href":"https:\/\/chiaravalentin.ovh\/index.php\/wp-json\/wp\/v2\/product_tag?post=336"}],"curies":[{"name":"wp","href":"https:\/\/api.w.org\/{rel}","templated":true}]}}