{"id":340,"date":"2025-12-01T16:07:03","date_gmt":"2025-12-01T16:07:03","guid":{"rendered":"https:\/\/chiaravalentin.ovh\/?post_type=product&#038;p=340"},"modified":"2025-12-01T16:07:03","modified_gmt":"2025-12-01T16:07:03","slug":"twins-temptations-les-jumeaux-laroca","status":"publish","type":"product","link":"https:\/\/chiaravalentin.ovh\/index.php\/produit\/twins-temptations-les-jumeaux-laroca\/","title":{"rendered":"Twins Temptations &#8211; Les jumeaux Laroca"},"content":{"rendered":"<p>Lorsqu&rsquo;elle croise pour la premi\u00e8re fois la route des jumeaux Laroca, Lorenzo et Dante,<\/p>\n<p>Coraline Engel ignore encore que sa vie s&rsquo;appr\u00eate \u00e0 prendre un tournant qu&rsquo;elle n&rsquo;aurait jamais imagin\u00e9.<\/p>\n<p>Assistante douce et discr\u00e8te, elle se retrouve plong\u00e9e dans l&rsquo;univers d\u00e9brid\u00e9 de ce duo artistique, qui manie avec une ma\u00eetrise troublante aussi bien les mots que leurs corps pour la s\u00e9duire.<\/p>\n<p>Une aventure dont elle ne ressortira peut-\u00eatre pas indemne<\/p>\n","protected":false},"excerpt":{"rendered":"<p data-start=\"87\" data-end=\"635\"><strong data-start=\"89\" data-end=\"195\">Deux corps en miroir. Un d\u00e9sir qui d\u00e9borde. Et elle, au milieu d\u2019une danse qui pourrait tout emporter.<\/strong><br data-start=\"195\" data-end=\"198\" \/>Quand Coraline rencontre les jumeaux Laroca, elle ne sait pas encore qu\u2019ils vont faire vaciller toutes ses limites.<br data-start=\"313\" data-end=\"316\" \/>Une romance vibrante o\u00f9 chaque mouvement rapproche, trouble\u2026 et promet de laisser des marques.<\/p>\n","protected":false},"featured_media":341,"comment_status":"open","ping_status":"closed","template":"","meta":{"saved_in_kubio":false},"product_brand":[],"product_cat":[40],"product_tag":[69,45,53,44],"class_list":{"0":"post-340","1":"product","2":"type-product","3":"status-publish","4":"has-post-thumbnail","6":"product_cat-romance","7":"product_tag-danse","8":"product_tag-erotique","9":"product_tag-romance","10":"product_tag-sexy","12":"first","13":"instock","14":"taxable","15":"shipping-taxable","16":"purchasable","17":"product-type-simple"},"jetpack_sharing_enabled":true,"_links":{"self":[{"href":"https:\/\/chiaravalentin.ovh\/index.php\/wp-json\/wp\/v2\/product\/340","targetHints":{"allow":["GET"]}}],"collection":[{"href":"https:\/\/chiaravalentin.ovh\/index.php\/wp-json\/wp\/v2\/product"}],"about":[{"href":"https:\/\/chiaravalentin.ovh\/index.php\/wp-json\/wp\/v2\/types\/product"}],"replies":[{"embeddable":true,"href":"https:\/\/chiaravalentin.ovh\/index.php\/wp-json\/wp\/v2\/comments?post=340"}],"wp:featuredmedia":[{"embeddable":true,"href":"https:\/\/chiaravalentin.ovh\/index.php\/wp-json\/wp\/v2\/media\/341"}],"wp:attachment":[{"href":"https:\/\/chiaravalentin.ovh\/index.php\/wp-json\/wp\/v2\/media?parent=340"}],"wp:term":[{"taxonomy":"product_brand","embeddable":true,"href":"https:\/\/chiaravalentin.ovh\/index.php\/wp-json\/wp\/v2\/product_brand?post=340"},{"taxonomy":"product_cat","embeddable":true,"href":"https:\/\/chiaravalentin.ovh\/index.php\/wp-json\/wp\/v2\/product_cat?post=340"},{"taxonomy":"product_tag","embeddable":true,"href":"https:\/\/chiaravalentin.ovh\/index.php\/wp-json\/wp\/v2\/product_tag?post=340"}],"curies":[{"name":"wp","href":"https:\/\/api.w.org\/{rel}","templated":true}]}}