{"id":342,"date":"2025-12-01T19:49:52","date_gmt":"2025-12-01T19:49:52","guid":{"rendered":"https:\/\/chiaravalentin.ovh\/?post_type=product&#038;p=342"},"modified":"2025-12-01T20:28:06","modified_gmt":"2025-12-01T20:28:06","slug":"chambre-403-saga-grand-hotel-aurelia","status":"publish","type":"product","link":"https:\/\/chiaravalentin.ovh\/index.php\/produit\/chambre-403-saga-grand-hotel-aurelia\/","title":{"rendered":"Chambre 403 &#8211; Saga Grand H\u00f4tel Aurelia &#8211; \u00e9pisode 1"},"content":{"rendered":"<p><i><b>Grand H\u00f4tel Aurelia \u2013 Premier \u00e9pisode de la saga<\/b><\/i><\/p>\n<p>Orion Ravencourt est le concierge parfait : \u00e9l\u00e9gant, discret, ma\u00eetre de tous les d\u00e9sirs\u2026 jusqu\u2019\u00e0 l\u2019arriv\u00e9e de Sacha Carpentier.<\/p>\n<p>Blonde ou brune, impr\u00e9visible et magn\u00e9tique, elle exige sa pr\u00e9sence totale. Entre d\u00e9sir, pouvoir et secrets dangereux, chaque nuit devient un jeu o\u00f9 plaisir et contr\u00f4le s\u2019entrelacent.<\/p>\n<p>Mais certains pass\u00e9s ne restent jamais enfouis\u2026 et au Grand H\u00f4tel Aurelia, le danger peut surgir derri\u00e8re chaque porte.<\/p>\n","protected":false},"excerpt":{"rendered":"<p>Au Grand H\u00f4tel Aurelia, d\u00e9sirs, secrets et tentations se m\u00ealent\u2026<br data-start=\"185\" data-end=\"188\" \/>Chaque nuit devient un jeu dangereux o\u00f9 le plaisir flirte avec le myst\u00e8re.<\/p>\n","protected":false},"featured_media":343,"comment_status":"open","ping_status":"closed","template":"","meta":{"saved_in_kubio":false},"product_brand":[],"product_cat":[75,40,70],"product_tag":[71,53,44,52],"class_list":{"0":"post-342","1":"product","2":"type-product","3":"status-publish","4":"has-post-thumbnail","6":"product_cat-grand-hotel-aurelia","7":"product_cat-romance","8":"product_cat-saga","9":"product_tag-mysteres","10":"product_tag-romance","11":"product_tag-sexy","12":"product_tag-suspense","14":"first","15":"instock","16":"taxable","17":"shipping-taxable","18":"purchasable","19":"product-type-simple"},"jetpack_sharing_enabled":true,"_links":{"self":[{"href":"https:\/\/chiaravalentin.ovh\/index.php\/wp-json\/wp\/v2\/product\/342","targetHints":{"allow":["GET"]}}],"collection":[{"href":"https:\/\/chiaravalentin.ovh\/index.php\/wp-json\/wp\/v2\/product"}],"about":[{"href":"https:\/\/chiaravalentin.ovh\/index.php\/wp-json\/wp\/v2\/types\/product"}],"replies":[{"embeddable":true,"href":"https:\/\/chiaravalentin.ovh\/index.php\/wp-json\/wp\/v2\/comments?post=342"}],"wp:featuredmedia":[{"embeddable":true,"href":"https:\/\/chiaravalentin.ovh\/index.php\/wp-json\/wp\/v2\/media\/343"}],"wp:attachment":[{"href":"https:\/\/chiaravalentin.ovh\/index.php\/wp-json\/wp\/v2\/media?parent=342"}],"wp:term":[{"taxonomy":"product_brand","embeddable":true,"href":"https:\/\/chiaravalentin.ovh\/index.php\/wp-json\/wp\/v2\/product_brand?post=342"},{"taxonomy":"product_cat","embeddable":true,"href":"https:\/\/chiaravalentin.ovh\/index.php\/wp-json\/wp\/v2\/product_cat?post=342"},{"taxonomy":"product_tag","embeddable":true,"href":"https:\/\/chiaravalentin.ovh\/index.php\/wp-json\/wp\/v2\/product_tag?post=342"}],"curies":[{"name":"wp","href":"https:\/\/api.w.org\/{rel}","templated":true}]}}