{"id":381,"date":"2026-03-06T18:24:17","date_gmt":"2026-03-06T18:24:17","guid":{"rendered":"https:\/\/chiaravalentin.ovh\/?post_type=product&#038;p=381"},"modified":"2026-03-06T18:24:17","modified_gmt":"2026-03-06T18:24:17","slug":"vertiges-de-toi","status":"publish","type":"product","link":"https:\/\/chiaravalentin.ovh\/index.php\/produit\/vertiges-de-toi\/","title":{"rendered":"Vertiges de toi"},"content":{"rendered":"<p><span class=\"a-text-bold a-text-italic\">Elle se cache derri\u00e8re ses silences.<\/span><\/p>\n<p><span class=\"a-text-bold a-text-italic\">Il br\u00fble de tout ce qu\u2019elle ne montre pas.<\/span><\/p>\n<p>Thalia ne cherche ni les regards ni le trouble. Invisible, r\u00e9serv\u00e9e, elle glisse sur le campus comme une ombre\u2026 jusqu\u2019au jour o\u00f9 ses yeux violets attirent l\u2019attention d\u2019Alighiero.<\/p>\n<p>Capitaine charismatique, tatou\u00e9, s\u00fbr de lui, il a l\u2019habitude qu\u2019on le d\u00e9sire. Mais face \u00e0 cette fille qui lui \u00e9chappe, le jeu change.<\/p>\n<p>Entre fr\u00f4lements involontaires, regards qui s\u2019attardent et tension trop longtemps contenue, le d\u00e9sir s\u2019installe \u2014 lent, \u00e9lectrique, dangereux.<\/p>\n<p>Car certains corps se reconnaissent avant m\u00eame de se toucher.<\/p>\n<p>Et certaines attirances sont impossibles \u00e0 ignorer.<\/p>\n","protected":false},"excerpt":{"rendered":"<p>Elle se cache derri\u00e8re ses silences. Il br\u00fble de tout ce qu\u2019elle ne montre pas. Thalia ne cherche ni les regards ni le trouble. Invisible, r\u00e9serv\u00e9e, elle glisse sur le campus comme une ombre\u2026 jusqu\u2019au jour o\u00f9 ses yeux violets attirent l\u2019attention d\u2019Alighiero. Capitaine charismatique, tatou\u00e9, s\u00fbr de lui, il a l\u2019habitude qu\u2019on le d\u00e9sire. [&hellip;]<\/p>\n","protected":false},"featured_media":382,"comment_status":"open","ping_status":"closed","template":"","meta":{"saved_in_kubio":false},"product_brand":[],"product_cat":[40],"product_tag":[],"class_list":{"0":"post-381","1":"product","2":"type-product","3":"status-publish","4":"has-post-thumbnail","6":"product_cat-romance","8":"first","9":"instock","10":"taxable","11":"shipping-taxable","12":"purchasable","13":"product-type-simple"},"jetpack_sharing_enabled":true,"_links":{"self":[{"href":"https:\/\/chiaravalentin.ovh\/index.php\/wp-json\/wp\/v2\/product\/381","targetHints":{"allow":["GET"]}}],"collection":[{"href":"https:\/\/chiaravalentin.ovh\/index.php\/wp-json\/wp\/v2\/product"}],"about":[{"href":"https:\/\/chiaravalentin.ovh\/index.php\/wp-json\/wp\/v2\/types\/product"}],"replies":[{"embeddable":true,"href":"https:\/\/chiaravalentin.ovh\/index.php\/wp-json\/wp\/v2\/comments?post=381"}],"wp:featuredmedia":[{"embeddable":true,"href":"https:\/\/chiaravalentin.ovh\/index.php\/wp-json\/wp\/v2\/media\/382"}],"wp:attachment":[{"href":"https:\/\/chiaravalentin.ovh\/index.php\/wp-json\/wp\/v2\/media?parent=381"}],"wp:term":[{"taxonomy":"product_brand","embeddable":true,"href":"https:\/\/chiaravalentin.ovh\/index.php\/wp-json\/wp\/v2\/product_brand?post=381"},{"taxonomy":"product_cat","embeddable":true,"href":"https:\/\/chiaravalentin.ovh\/index.php\/wp-json\/wp\/v2\/product_cat?post=381"},{"taxonomy":"product_tag","embeddable":true,"href":"https:\/\/chiaravalentin.ovh\/index.php\/wp-json\/wp\/v2\/product_tag?post=381"}],"curies":[{"name":"wp","href":"https:\/\/api.w.org\/{rel}","templated":true}]}}