{"id":383,"date":"2026-03-06T18:27:00","date_gmt":"2026-03-06T18:27:00","guid":{"rendered":"https:\/\/chiaravalentin.ovh\/?post_type=product&#038;p=383"},"modified":"2026-03-06T18:27:00","modified_gmt":"2026-03-06T18:27:00","slug":"le-seuil","status":"publish","type":"product","link":"https:\/\/chiaravalentin.ovh\/index.php\/produit\/le-seuil\/","title":{"rendered":"Le Seuil"},"content":{"rendered":"<div id=\"bookDescription_feature_div\" class=\"celwidget\" data-feature-name=\"bookDescription\" data-csa-c-type=\"widget\" data-csa-c-content-id=\"bookDescription\" data-csa-c-slot-id=\"bookDescription_feature_div\" data-csa-c-asin=\"\" data-csa-c-is-in-initial-active-row=\"false\" data-csa-c-id=\"clshx4-4rkavc-58n76o-6b4xmb\" data-cel-widget=\"bookDescription_feature_div\">\n<div class=\"a-expander-collapsed-height a-row a-expander-container a-spacing-base a-expander-partial-collapse-container\" data-a-expander-name=\"book_description_expander\" data-a-expander-collapsed-height=\"280\">\n<div class=\"a-expander-content a-expander-partial-collapse-content\" data-expanded=\"false\">Un ancien monast\u00e8re.<br \/>\nUn homme qui veille.<br \/>\nQuand le danger approche, \u00e9crire devient une fa\u00e7on de tenir.<br \/>\nEt le seuil, l\u2019endroit pr\u00e9cis o\u00f9 l\u2019on comprend qu\u2019il n\u2019est plus possible de reculer.<\/p>\n<p><em><strong>\u00ab\u00a0Le Seuil\u00a0\u00bb est l\u2019histoire de ce que l\u2019on prot\u00e8ge, m\u00eame quand le silence ne suffit plus.<\/strong><\/em><\/div>\n<\/div>\n<\/div>\n<div id=\"hushpuppyUpsell_feature_div\" class=\"celwidget\" data-feature-name=\"hushpuppyUpsell\" data-csa-c-type=\"widget\" data-csa-c-content-id=\"hushpuppyUpsell\" data-csa-c-slot-id=\"hushpuppyUpsell_feature_div\" data-csa-c-asin=\"\" data-csa-c-is-in-initial-active-row=\"false\" data-csa-c-id=\"f78tiv-j3b96i-rgqm91-5uydqm\" data-cel-widget=\"hushpuppyUpsell_feature_div\"><\/div>\n<div id=\"richProductInformation_feature_div\" class=\"celwidget\" data-feature-name=\"richProductInformation\" data-csa-c-type=\"widget\" data-csa-c-content-id=\"richProductInformation\" data-csa-c-slot-id=\"richProductInformation_feature_div\" data-csa-c-asin=\"\" data-csa-c-is-in-initial-active-row=\"false\" data-csa-c-id=\"npyrda-1twush-op9kax-2d1e93\" data-cel-widget=\"richProductInformation_feature_div\">\n<div id=\"rich_product_information\" class=\"a-section a-spacing-none celwidget\" data-csa-c-id=\"n5kpb9-f45o3c-7c1fqz-35xz2u\" data-cel-widget=\"rich_product_information\"><\/div>\n<\/div>\n","protected":false},"excerpt":{"rendered":"<p>Un ancien monast\u00e8re. Un homme qui veille. Quand le danger approche, \u00e9crire devient une fa\u00e7on de tenir. Et le seuil, l\u2019endroit pr\u00e9cis o\u00f9 l\u2019on comprend qu\u2019il n\u2019est plus possible de reculer. \u00ab\u00a0Le Seuil\u00a0\u00bb est l\u2019histoire de ce que l\u2019on prot\u00e8ge, m\u00eame quand le silence ne suffit plus.<\/p>\n","protected":false},"featured_media":384,"comment_status":"open","ping_status":"closed","template":"","meta":{"saved_in_kubio":false},"product_brand":[],"product_cat":[79],"product_tag":[],"class_list":{"0":"post-383","1":"product","2":"type-product","3":"status-publish","4":"has-post-thumbnail","6":"product_cat-thriller-suspense","8":"first","9":"instock","10":"taxable","11":"shipping-taxable","12":"purchasable","13":"product-type-simple"},"jetpack_sharing_enabled":true,"_links":{"self":[{"href":"https:\/\/chiaravalentin.ovh\/index.php\/wp-json\/wp\/v2\/product\/383","targetHints":{"allow":["GET"]}}],"collection":[{"href":"https:\/\/chiaravalentin.ovh\/index.php\/wp-json\/wp\/v2\/product"}],"about":[{"href":"https:\/\/chiaravalentin.ovh\/index.php\/wp-json\/wp\/v2\/types\/product"}],"replies":[{"embeddable":true,"href":"https:\/\/chiaravalentin.ovh\/index.php\/wp-json\/wp\/v2\/comments?post=383"}],"wp:featuredmedia":[{"embeddable":true,"href":"https:\/\/chiaravalentin.ovh\/index.php\/wp-json\/wp\/v2\/media\/384"}],"wp:attachment":[{"href":"https:\/\/chiaravalentin.ovh\/index.php\/wp-json\/wp\/v2\/media?parent=383"}],"wp:term":[{"taxonomy":"product_brand","embeddable":true,"href":"https:\/\/chiaravalentin.ovh\/index.php\/wp-json\/wp\/v2\/product_brand?post=383"},{"taxonomy":"product_cat","embeddable":true,"href":"https:\/\/chiaravalentin.ovh\/index.php\/wp-json\/wp\/v2\/product_cat?post=383"},{"taxonomy":"product_tag","embeddable":true,"href":"https:\/\/chiaravalentin.ovh\/index.php\/wp-json\/wp\/v2\/product_tag?post=383"}],"curies":[{"name":"wp","href":"https:\/\/api.w.org\/{rel}","templated":true}]}}